{"id":11565,"date":"2018-05-27T17:30:38","date_gmt":"2018-05-27T16:30:38","guid":{"rendered":"https:\/\/www.asktraders.com\/?page_id=11565"},"modified":"2024-01-19T09:16:27","modified_gmt":"2024-01-19T09:16:27","slug":"impressum","status":"publish","type":"page","link":"https:\/\/www.asktraders.com\/de\/impressum\/","title":{"rendered":"Impressum"},"content":{"rendered":"<p>Im Jahr 2023 erlebte AskTraders einen bedeutenden Meilenstein in seiner Entwicklung: Die \u00dcbernahme durch die Finaffiliates Ltd. Wir, das neue Team, bestehend aus enthusiastischen Finanzexperten, stellen uns dabei einer Mission: unseren Lesern hochwertige Inhalte zu bieten, die ihnen die bestm\u00f6glichen Entscheidungen im Bereich der Finanzen erm\u00f6glicht. Wir sind unabh\u00e4ngig und bleiben unserem Versprechen treu, Qualit\u00e4t und Vertrauensw\u00fcrdigkeit in allem, was wir tun, an oberste Stelle zu setzen.<\/p>\n<p><img loading=\"lazy\" decoding=\"async\" class=\"alignnone size-full wp-image-190178\" src=\"https:\/\/www.asktraders.com\/wp-content\/uploads\/2024\/01\/Finaffiliates-Limited-Impressum.png\" alt=\"Finaffiliates Limited Impressum\" width=\"630\" height=\"1242\" srcset=\"https:\/\/www.asktraders.com\/wp-content\/uploads\/2024\/01\/Finaffiliates-Limited-Impressum.png 630w, https:\/\/www.asktraders.com\/wp-content\/uploads\/2024\/01\/Finaffiliates-Limited-Impressum-152x300.png 152w, https:\/\/www.asktraders.com\/wp-content\/uploads\/2024\/01\/Finaffiliates-Limited-Impressum-519x1024.png 519w\" sizes=\"auto, (max-width: 630px) 100vw, 630px\" \/><\/p>\n<p><strong>\u00dcber AskTraders<\/strong><\/p>\n<p>Ganz gleich, ob Sie auf der Suche nach Broker Erfahrungen, Ratgebern rund um das Trading, Strategien oder dem Austausch mit anderen Tradern sind \u2013 bei AskTraders sind Sie genau richtig. Auf dem themen\u00fcbergreifenden Finanzportal erfahren Sie alles Wissenswerte rund um Finanzm\u00e4rkte und Handelsprodukte, bleiben dank News stets auf dem Laufenden und k\u00f6nnen sich umfassend \u00fcber verschiedene Broker, Banken und Handelsplattformen aus den Bereichen Aktien, ETF, CFD, Forex, Kryptow\u00e4hrungen und Social Trading informieren.<\/p>\n<p><strong>Was h\u00e4lt AskTraders f\u00fcr Sie bereit?<\/strong><\/p>\n<p>Ganz gleich, ob Sie gut informiert in den Handel starten oder ihre bisherigen Trading-Erfahrungen erweitern m\u00f6chten: AskTraders hat es sich zur Aufgabe gemacht, aktuelle und detaillierte Informationen bereitzustellen und Ihnen die M\u00f6glichkeit zu bieten, sich sowohl mit den Basics als auch mit spezifischeren Themen vertraut zu machen und sich in der Community mit anderen Tradern auszutauschen.<\/p>\n<p>Im Finanzbereich gibt es keine Garantien und der Handel ist stets mit einem Risiko verbunden \u2013 daher m\u00f6chten wir Tradern eine vertrauensvolle, informative Plattform bieten, um bestm\u00f6glich f\u00fcr den Handel an den weltweiten Finanzm\u00e4rkten gewappnet zu sein. AskTraders steht f\u00fcr Objektivit\u00e4t, Fachexpertise und Qualit\u00e4t. Unsere Finanzexperten und Redakteure halten immer wieder nach spannenden Themen Ausschau und setzen sich intensiv mit den verschiedensten Angeboten auseinander, um Ihnen die wichtigsten Informationen sorgf\u00e4ltig aufbereitet und transparent zur Verf\u00fcgung zu stellen.<\/p>\n<p><strong>Profitieren auch Sie von AskTraders \u2013 kostenlos und unverbindlich<\/strong><\/p>\n<p>S\u00e4mtliche Angebote auf AskTraders sind f\u00fcr Sie als Nutzer kostenlos und unverbindlich. Sollten Sie sich f\u00fcr eines der von uns vorgestellten Angebote entscheiden, gelangen Sie auf Wunsch direkt per Klick zum jeweiligen Anbieter und k\u00f6nnen dort beispielsweise ein Aktiendepot oder ein Forex-Handelskonto er\u00f6ffnen.<\/p>\n<p>Von Ratgebern und Strategie-Artikeln \u00fcber Broker Vergleiche, Broker Erfahrungsberichte und relevanten Trading-News bis hin zu Artikeln zum Thema Traden lernen finden sowohl interessierte Anf\u00e4nger als auch erfahrenere Trader alle Details aus dem Finanzbereich \u2013 aktuell, informativ und auf den Punkt gebracht. Machen Sie sich das Wissen zunutze, profitieren Sie von der Vielfalt an Informationen und traden Sie nur bei den Besten.<\/p>\n","protected":false},"excerpt":{"rendered":"<p>Im Jahr 2023 erlebte AskTraders einen bedeutenden Meilenstein in seiner Entwicklung: Die \u00dcbernahme durch die Finaffiliates Ltd. Wir, das neue Team, bestehend aus enthusiastischen Finanzexperten, stellen uns dabei einer Mission: unseren Lesern hochwertige Inhalte zu bieten, die ihnen die bestm\u00f6glichen Entscheidungen im Bereich der Finanzen erm\u00f6glicht. Wir sind unabh\u00e4ngig und bleiben unserem Versprechen treu, Qualit\u00e4t &hellip; <a href=\"https:\/\/www.asktraders.com\/de\/impressum\/\">Continued<\/a><\/p>\n","protected":false},"author":266,"featured_media":0,"parent":0,"menu_order":0,"comment_status":"closed","ping_status":"closed","template":"","meta":{"_acf_changed":false,"inline_featured_image":false,"footnotes":""},"tradingcategory":[],"class_list":["post-11565","page","type-page","status-publish","hentry"],"acf":[],"yoast_head":"<!-- This site is optimized with the Yoast SEO plugin v27.2 - https:\/\/yoast.com\/product\/yoast-seo-wordpress\/ -->\n<title>Impressum | AskTraders.com<\/title>\n<meta name=\"description\" content=\"Im Jahr 2023 erlebte AskTraders einen bedeutenden Meilenstein in seiner Entwicklung: Die \u00dcbernahme durch die Finaffiliates Ltd. Wir, das neue Team,\" \/>\n<meta name=\"robots\" content=\"index, follow, max-snippet:-1, max-image-preview:large, max-video-preview:-1\" \/>\n<link rel=\"canonical\" href=\"https:\/\/www.asktraders.com\/de\/impressum\/\" \/>\n<meta property=\"og:locale\" content=\"de_DE\" \/>\n<meta property=\"og:type\" content=\"article\" \/>\n<meta property=\"og:title\" content=\"Impressum | AskTraders.com\" \/>\n<meta property=\"og:description\" content=\"Im Jahr 2023 erlebte AskTraders einen bedeutenden Meilenstein in seiner Entwicklung: Die \u00dcbernahme durch die Finaffiliates Ltd. Wir, das neue Team,\" \/>\n<meta property=\"og:url\" content=\"https:\/\/www.asktraders.com\/de\/impressum\/\" \/>\n<meta property=\"og:site_name\" content=\"AskTraders.com\" \/>\n<meta property=\"article:publisher\" content=\"https:\/\/www.facebook.com\/asktraderscom\" \/>\n<meta property=\"article:modified_time\" content=\"2024-01-19T09:16:27+00:00\" \/>\n<meta property=\"og:image\" content=\"https:\/\/www.asktraders.com\/wp-content\/uploads\/2024\/01\/Finaffiliates-Limited-Impressum.png\" \/>\n<meta name=\"twitter:card\" content=\"summary_large_image\" \/>\n<meta name=\"twitter:site\" content=\"@Asktraders1\" \/>\n<meta name=\"twitter:label1\" content=\"Gesch\u00e4tzte Lesezeit\" \/>\n\t<meta name=\"twitter:data1\" content=\"2 Minuten\" \/>\n<script type=\"application\/ld+json\" class=\"yoast-schema-graph\">{\"@context\":\"https:\/\/schema.org\",\"@graph\":[{\"@type\":\"WebPage\",\"@id\":\"https:\/\/www.asktraders.com\/de\/impressum\/\",\"url\":\"https:\/\/www.asktraders.com\/de\/impressum\/\",\"name\":\"Impressum | AskTraders.com\",\"isPartOf\":{\"@id\":\"https:\/\/www.asktraders.com\/de\/#website\"},\"primaryImageOfPage\":{\"@id\":\"https:\/\/www.asktraders.com\/de\/impressum\/#primaryimage\"},\"image\":{\"@id\":\"https:\/\/www.asktraders.com\/de\/impressum\/#primaryimage\"},\"thumbnailUrl\":\"https:\/\/www.asktraders.com\/wp-content\/uploads\/2024\/01\/Finaffiliates-Limited-Impressum.png\",\"datePublished\":\"2018-05-27T16:30:38+00:00\",\"dateModified\":\"2024-01-19T09:16:27+00:00\",\"description\":\"Im Jahr 2023 erlebte AskTraders einen bedeutenden Meilenstein in seiner Entwicklung: Die \u00dcbernahme durch die Finaffiliates Ltd. Wir, das neue Team,\",\"breadcrumb\":{\"@id\":\"https:\/\/www.asktraders.com\/de\/impressum\/#breadcrumb\"},\"inLanguage\":\"de-DE\",\"potentialAction\":[{\"@type\":\"ReadAction\",\"target\":[\"https:\/\/www.asktraders.com\/de\/impressum\/\"]}],\"author\":{\"url\":\"https:\/\/www.asktraders.com\/de\/author\/rich\/\"}},{\"@type\":\"ImageObject\",\"inLanguage\":\"de-DE\",\"@id\":\"https:\/\/www.asktraders.com\/de\/impressum\/#primaryimage\",\"url\":\"https:\/\/www.asktraders.com\/wp-content\/uploads\/2024\/01\/Finaffiliates-Limited-Impressum.png\",\"contentUrl\":\"https:\/\/www.asktraders.com\/wp-content\/uploads\/2024\/01\/Finaffiliates-Limited-Impressum.png\"},{\"@type\":\"BreadcrumbList\",\"@id\":\"https:\/\/www.asktraders.com\/de\/impressum\/#breadcrumb\",\"itemListElement\":[{\"@type\":\"ListItem\",\"position\":1,\"name\":\"Home\",\"item\":\"https:\/\/www.asktraders.com\/de\/\"},{\"@type\":\"ListItem\",\"position\":2,\"name\":\"Impressum\"}]},{\"@type\":\"WebSite\",\"@id\":\"https:\/\/www.asktraders.com\/de\/#website\",\"url\":\"https:\/\/www.asktraders.com\/de\/\",\"name\":\"AskTraders\",\"description\":\"Guiding You To Trading Success\",\"publisher\":{\"@id\":\"https:\/\/www.asktraders.com\/de\/#organization\"},\"inLanguage\":\"de-DE\"},{\"@type\":\"Organization\",\"@id\":\"https:\/\/www.asktraders.com\/de\/#organization\",\"name\":\"AskTraders\",\"url\":\"https:\/\/www.asktraders.com\/de\/\",\"logo\":{\"@type\":\"ImageObject\",\"inLanguage\":\"de-DE\",\"@id\":\"https:\/\/www.asktraders.com\/de\/#\/schema\/logo\/image\/\",\"url\":\"https:\/\/www.asktraders.com\/wp-content\/uploads\/2019\/05\/asktraders-logo-tm-white.png\",\"contentUrl\":\"https:\/\/www.asktraders.com\/wp-content\/uploads\/2019\/05\/asktraders-logo-tm-white.png\",\"width\":232,\"height\":38,\"caption\":\"AskTraders\"},\"image\":{\"@id\":\"https:\/\/www.asktraders.com\/de\/#\/schema\/logo\/image\/\"},\"sameAs\":[\"https:\/\/www.facebook.com\/asktraderscom\",\"https:\/\/x.com\/Asktraders1\"]}]}<\/script>\n<!-- \/ Yoast SEO plugin. -->","yoast_head_json":{"title":"Impressum | AskTraders.com","description":"Im Jahr 2023 erlebte AskTraders einen bedeutenden Meilenstein in seiner Entwicklung: Die \u00dcbernahme durch die Finaffiliates Ltd. Wir, das neue Team,","robots":{"index":"index","follow":"follow","max-snippet":"max-snippet:-1","max-image-preview":"max-image-preview:large","max-video-preview":"max-video-preview:-1"},"canonical":"https:\/\/www.asktraders.com\/de\/impressum\/","og_locale":"de_DE","og_type":"article","og_title":"Impressum | AskTraders.com","og_description":"Im Jahr 2023 erlebte AskTraders einen bedeutenden Meilenstein in seiner Entwicklung: Die \u00dcbernahme durch die Finaffiliates Ltd. Wir, das neue Team,","og_url":"https:\/\/www.asktraders.com\/de\/impressum\/","og_site_name":"AskTraders.com","article_publisher":"https:\/\/www.facebook.com\/asktraderscom","article_modified_time":"2024-01-19T09:16:27+00:00","og_image":[{"url":"https:\/\/www.asktraders.com\/wp-content\/uploads\/2024\/01\/Finaffiliates-Limited-Impressum.png","type":"","width":"","height":""}],"twitter_card":"summary_large_image","twitter_site":"@Asktraders1","twitter_misc":{"Gesch\u00e4tzte Lesezeit":"2 Minuten"},"schema":{"@context":"https:\/\/schema.org","@graph":[{"@type":"WebPage","@id":"https:\/\/www.asktraders.com\/de\/impressum\/","url":"https:\/\/www.asktraders.com\/de\/impressum\/","name":"Impressum | AskTraders.com","isPartOf":{"@id":"https:\/\/www.asktraders.com\/de\/#website"},"primaryImageOfPage":{"@id":"https:\/\/www.asktraders.com\/de\/impressum\/#primaryimage"},"image":{"@id":"https:\/\/www.asktraders.com\/de\/impressum\/#primaryimage"},"thumbnailUrl":"https:\/\/www.asktraders.com\/wp-content\/uploads\/2024\/01\/Finaffiliates-Limited-Impressum.png","datePublished":"2018-05-27T16:30:38+00:00","dateModified":"2024-01-19T09:16:27+00:00","description":"Im Jahr 2023 erlebte AskTraders einen bedeutenden Meilenstein in seiner Entwicklung: Die \u00dcbernahme durch die Finaffiliates Ltd. Wir, das neue Team,","breadcrumb":{"@id":"https:\/\/www.asktraders.com\/de\/impressum\/#breadcrumb"},"inLanguage":"de-DE","potentialAction":[{"@type":"ReadAction","target":["https:\/\/www.asktraders.com\/de\/impressum\/"]}],"author":{"url":"https:\/\/www.asktraders.com\/de\/author\/rich\/"}},{"@type":"ImageObject","inLanguage":"de-DE","@id":"https:\/\/www.asktraders.com\/de\/impressum\/#primaryimage","url":"https:\/\/www.asktraders.com\/wp-content\/uploads\/2024\/01\/Finaffiliates-Limited-Impressum.png","contentUrl":"https:\/\/www.asktraders.com\/wp-content\/uploads\/2024\/01\/Finaffiliates-Limited-Impressum.png"},{"@type":"BreadcrumbList","@id":"https:\/\/www.asktraders.com\/de\/impressum\/#breadcrumb","itemListElement":[{"@type":"ListItem","position":1,"name":"Home","item":"https:\/\/www.asktraders.com\/de\/"},{"@type":"ListItem","position":2,"name":"Impressum"}]},{"@type":"WebSite","@id":"https:\/\/www.asktraders.com\/de\/#website","url":"https:\/\/www.asktraders.com\/de\/","name":"AskTraders","description":"Guiding You To Trading Success","publisher":{"@id":"https:\/\/www.asktraders.com\/de\/#organization"},"inLanguage":"de-DE"},{"@type":"Organization","@id":"https:\/\/www.asktraders.com\/de\/#organization","name":"AskTraders","url":"https:\/\/www.asktraders.com\/de\/","logo":{"@type":"ImageObject","inLanguage":"de-DE","@id":"https:\/\/www.asktraders.com\/de\/#\/schema\/logo\/image\/","url":"https:\/\/www.asktraders.com\/wp-content\/uploads\/2019\/05\/asktraders-logo-tm-white.png","contentUrl":"https:\/\/www.asktraders.com\/wp-content\/uploads\/2019\/05\/asktraders-logo-tm-white.png","width":232,"height":38,"caption":"AskTraders"},"image":{"@id":"https:\/\/www.asktraders.com\/de\/#\/schema\/logo\/image\/"},"sameAs":["https:\/\/www.facebook.com\/asktraderscom","https:\/\/x.com\/Asktraders1"]}]}},"_links":{"self":[{"href":"https:\/\/www.asktraders.com\/de\/wp-json\/wp\/v2\/pages\/11565","targetHints":{"allow":["GET"]}}],"collection":[{"href":"https:\/\/www.asktraders.com\/de\/wp-json\/wp\/v2\/pages"}],"about":[{"href":"https:\/\/www.asktraders.com\/de\/wp-json\/wp\/v2\/types\/page"}],"author":[{"embeddable":true,"href":"https:\/\/www.asktraders.com\/de\/wp-json\/wp\/v2\/users\/266"}],"replies":[{"embeddable":true,"href":"https:\/\/www.asktraders.com\/de\/wp-json\/wp\/v2\/comments?post=11565"}],"version-history":[{"count":0,"href":"https:\/\/www.asktraders.com\/de\/wp-json\/wp\/v2\/pages\/11565\/revisions"}],"wp:attachment":[{"href":"https:\/\/www.asktraders.com\/de\/wp-json\/wp\/v2\/media?parent=11565"}],"wp:term":[{"taxonomy":"tradingcategory","embeddable":true,"href":"https:\/\/www.asktraders.com\/de\/wp-json\/wp\/v2\/tradingcategory?post=11565"}],"curies":[{"name":"wp","href":"https:\/\/api.w.org\/{rel}","templated":true}]}}