{"id":28648,"date":"2018-09-28T15:36:02","date_gmt":"2018-09-28T14:36:02","guid":{"rendered":"https:\/\/www.asktraders.com\/?page_id=28648"},"modified":"2022-09-21T17:15:22","modified_gmt":"2022-09-21T16:15:22","slug":"robo-advisor","status":"publish","type":"page","link":"https:\/\/www.asktraders.com\/de\/broker\/robo-advisor\/","title":{"rendered":"Robo-Advisor Vergleich 2026: Finden Sie den besten Anbieter"},"content":{"rendered":"<h3 id=\"was_sind_die_wichtigsten_kriterien_die_unsere_trader_bei_der_bewertung_von_brokern_anwenden\">Was sind die wichtigsten Kriterien, die unsere Trader bei der Bewertung von Brokern anwenden<\/h3>\n<h2 id=\"gebuehren\">GEB\u00dcHREN<\/h2>\n<p>Die Er\u00f6ffnung eines Kontos bei einem Robo Advisor ist h\u00e4ufig kostenlos. Viele Broker und Unternehmen, die Robo Advisors anbieten, verdienen ihr Geld jedoch \u00fcber Kosten an anderer Stelle, etwa durch den Spread, Echtzeitkurse oder Add-Ons f\u00fcr Handelsplattformen. Abh\u00e4ngig von der von Ihnen gew\u00e4hlten Zahlungsmethode k\u00f6nnen Kosten f\u00fcr Einzahlungen, Auszahlungen oder eine bestimmte Anzahl von Zahlungen pro Monat anfallen. Einige Unternehmen berechnen auch Provisionen auf Ihre Rendite.<\/p>\n<p>Zus\u00e4tzlich zu den Handelskosten und -geb\u00fchren k\u00f6nnen mit der Nutzung des Hebels Kosten verbunden sein. Der Hebel erm\u00f6glicht den Zugriff auf mehr Geldmittel, als auf Ihrem Handelskonto verf\u00fcgbar sind. Einige Broker stufen den Hebel entsprechend dem investierten Kapital. Besonders hohe Hebel sind f\u00fcr erfahrene Trader attraktiver. W\u00e4hrend die Hebelwirkung ein entscheidender Punkt ist, ist ein hoher Hebelfaktor m\u00f6glicherweise nicht f\u00fcr Ihre aktuellen Handelsaktivit\u00e4ten geeignet.<\/p>\n<p><img loading=\"lazy\" decoding=\"async\" class=\"aligncenter size-full wp-image-52818\" src=\"https:\/\/www.asktraders.com\/wp-content\/uploads\/2019\/07\/shutterstock_621862202.jpg\" alt=\"Robo Advisor Vergleich\" width=\"1000\" height=\"750\" srcset=\"https:\/\/www.asktraders.com\/wp-content\/uploads\/2019\/07\/shutterstock_621862202.jpg 1000w, https:\/\/www.asktraders.com\/wp-content\/uploads\/2019\/07\/shutterstock_621862202-300x225.jpg 300w, https:\/\/www.asktraders.com\/wp-content\/uploads\/2019\/07\/shutterstock_621862202-768x576.jpg 768w, https:\/\/www.asktraders.com\/wp-content\/uploads\/2019\/07\/shutterstock_621862202-133x100.jpg 133w, https:\/\/www.asktraders.com\/wp-content\/uploads\/2019\/07\/shutterstock_621862202-313x235.jpg 313w, https:\/\/www.asktraders.com\/wp-content\/uploads\/2019\/07\/shutterstock_621862202-267x200.jpg 267w, https:\/\/www.asktraders.com\/wp-content\/uploads\/2019\/07\/shutterstock_621862202-400x300.jpg 400w\" sizes=\"auto, (max-width: 1000px) 100vw, 1000px\" \/><\/p>\n<h2 id=\"kontotypen\">KONTOTYPEN<\/h2>\n<p>Einige Robo Advisor-Unternehmen bieten Ihnen die M\u00f6glichkeit, zwischen verschiedenen Konten zu w\u00e4hlen. Die Kontotypen h\u00e4ngen normalerweise von Ihrer Ersteinzahlung und dem ab, was Ihnen in Bezug auf das Trading und das Portfoliomanagement zugewiesen wird. M\u00f6glicherweise m\u00f6chten Sie mit einem Starterkonto beginnen, Sie k\u00f6nnen jedoch ein Upgrade auf ein anderes Konto durchf\u00fchren, sobald Sie dies m\u00f6chten. Oder Sie k\u00f6nnen sich sofort f\u00fcr ein h\u00f6heres Konto entscheiden. Die Mehrheit der Robo Advisor-Konten erm\u00f6glicht es Ihnen normalerweise, mit einem kleinen Kapitalbetrag zu beginnen.<\/p>\n<p>Beim Vergleich von Robo Advisor-Unternehmen sollten die folgenden Fragen ber\u00fccksichtigt werden: Welche Dienstleistungen erhalte ich mit jedem Konto? Wie unterscheiden sich die Konten? Gibt es Angebote f\u00fcr Gesch\u00e4ftskunden?<\/p>\n<h2 id=\"plattformen\">PLATTFORMEN<\/h2>\n<p>Die richtige Plattform zu finden ist wichtig f\u00fcr Ihren Robo Advisor. Die besten Plattformen sind klar, leicht verst\u00e4ndlich und erm\u00f6glichen eine einfache Bedienung.<\/p>\n<p>Die Struktur der Plattform ist wesentlich, eine anpassbare Schnittstelle ist vorteilhaft, aber hier nicht erforderlich. Beim Vergleich von Plattformen sollte der Schwerpunkt auf dem Layout liegen, in dem Sie problemlos Investitionen und Informationen anzeigen k\u00f6nnen. Je mehr Unterst\u00fctzung die Plattform bietet, desto weniger m\u00fcssen Sie sich Sorgen machen und k\u00f6nnen den Robo Advisor seinen Job machen lassen.<\/p>\n<p>Mobile und Tablet-Apps sind ein Muss, wenn es um Robo-Investitionen geht. Apps f\u00fcr Smartphones und Tablets sind in der Regel gut gestaltet und einfach zu bedienen. Besonders hilfreich ist eine \u00fcbersichtliche Struktur mit einem \u00dcberblick \u00fcber Ihre aktuellen Investitionen und Gewinne.<\/p>\n<p><img loading=\"lazy\" decoding=\"async\" class=\"aligncenter size-full wp-image-51532\" src=\"https:\/\/www.asktraders.com\/wp-content\/uploads\/2019\/07\/shutterstock_796042618.jpg\" alt=\"Robo Advisor Vergleich\" width=\"1000\" height=\"822\" srcset=\"https:\/\/www.asktraders.com\/wp-content\/uploads\/2019\/07\/shutterstock_796042618.jpg 1000w, https:\/\/www.asktraders.com\/wp-content\/uploads\/2019\/07\/shutterstock_796042618-300x247.jpg 300w, https:\/\/www.asktraders.com\/wp-content\/uploads\/2019\/07\/shutterstock_796042618-768x631.jpg 768w, https:\/\/www.asktraders.com\/wp-content\/uploads\/2019\/07\/shutterstock_796042618-122x100.jpg 122w, https:\/\/www.asktraders.com\/wp-content\/uploads\/2019\/07\/shutterstock_796042618-313x257.jpg 313w, https:\/\/www.asktraders.com\/wp-content\/uploads\/2019\/07\/shutterstock_796042618-243x200.jpg 243w, https:\/\/www.asktraders.com\/wp-content\/uploads\/2019\/07\/shutterstock_796042618-400x329.jpg 400w\" sizes=\"auto, (max-width: 1000px) 100vw, 1000px\" \/><\/p>\n<h2 id=\"benutzerfreundlichkeit\">BENUTZERFREUNDLICHKEIT<\/h2>\n<p>Bei der Bewertung von Anbietern sollten Sie zun\u00e4chst \u00fcberpr\u00fcfen, ob die gesamte Website in einer Sprache verf\u00fcgbar ist, die Sie verstehen k\u00f6nnen \u2013 manchmal ist dies erst auf den zweiten Blick ersichtlich. Einige Unternehmen m\u00f6gen eine englischsprachige Website haben, aber es ist oft m\u00f6glich, die Sprache nach Ihren W\u00fcnschen einzustellen. Stellen Sie sicher, dass die \u00dcbersetzung vollst\u00e4ndig und leicht verst\u00e4ndlich ist. Wenn Sie die Informationen auf der Website nicht verstehen, k\u00f6nnen Sie auch die Informationen auf der Plattform nicht verstehen, sobald Sie ein Konto er\u00f6ffnet haben.<\/p>\n<p>Ein weiterer wesentlicher Faktor ist die Navigation \u2013 die Website sollte gut strukturiert sein und Sie z\u00fcgig durch das Angebot f\u00fchren.<\/p>\n<p>Die Website muss einen einfachen Zugang zu den folgenden Informationen bieten: Kontaktoptionen, Kostenmodelle und Geb\u00fchren, Angebote, Kontotypen, Nutzungsbedingungen, Informationen zum Broker und ein FAQ-Bereich k\u00f6nnen ebenfalls hilfreich sein.<\/p>\n<h2 id=\"kundensupport\">KUNDENSUPPORT<\/h2>\n<p>Sobald Sie Ihr Robo Advisor-Konto er\u00f6ffnet haben, k\u00f6nnen Probleme oder Fragen zu bestimmten Funktionen auftreten. Aus diesem Grund legen wir gro\u00dfen Wert auf die Bewertung der Unternehmensunterst\u00fctzung und des Kundendienstes. Einige Robo Advisor-Unternehmen bieten eine Live-Chat-Option an. Ist dies jedoch nicht m\u00f6glich, k\u00f6nnen Sie den Kundensupport in der Regel \u00fcber Hotlines, E-Mail oder ein Kontaktformular erreichen. Alle Kontaktformulare sollten kostenlos sein.<\/p>\n<p>Ebenso wichtig sind die Sprachen, die vom Support-Team gesprochen werden. Sehr oft sprechen die Support-Mitarbeiter Englisch, aber viele Unternehmen unterhalten ein mehrsprachiges Team. Wenn Sie Probleme mit Ihrem Konto haben, z\u00f6gern Sie nicht, sich an das Unternehmen zu wenden, um zu erfahren, wie es Ihnen helfen kann. Auch wenn Sie allgemeine Fragen haben, ist es besser, den Details auf den Grund zu gehen.<\/p>\n<p><img loading=\"lazy\" decoding=\"async\" class=\"aligncenter size-full wp-image-51621\" src=\"https:\/\/www.asktraders.com\/wp-content\/uploads\/2019\/07\/shutterstock_496435201.jpg\" alt=\"Robo Advisor Vergleich\" width=\"1000\" height=\"667\" srcset=\"https:\/\/www.asktraders.com\/wp-content\/uploads\/2019\/07\/shutterstock_496435201.jpg 1000w, https:\/\/www.asktraders.com\/wp-content\/uploads\/2019\/07\/shutterstock_496435201-300x200.jpg 300w, https:\/\/www.asktraders.com\/wp-content\/uploads\/2019\/07\/shutterstock_496435201-768x512.jpg 768w, https:\/\/www.asktraders.com\/wp-content\/uploads\/2019\/07\/shutterstock_496435201-150x100.jpg 150w, https:\/\/www.asktraders.com\/wp-content\/uploads\/2019\/07\/shutterstock_496435201-313x209.jpg 313w, https:\/\/www.asktraders.com\/wp-content\/uploads\/2019\/07\/shutterstock_496435201-400x267.jpg 400w\" sizes=\"auto, (max-width: 1000px) 100vw, 1000px\" \/><\/p>\n<h2 id=\"zahlungsmethoden\">ZAHLUNGSMETHODEN<\/h2>\n<p>Um ein Konto zu er\u00f6ffnen, m\u00fcssen Sie Geld einzahlen, bevor der Algorithmus anf\u00e4ngt, f\u00fcr Sie zu investieren. Wenn Sie Gewinne erzielen, m\u00f6chten Sie einen Teil Ihrer Gewinne auf Ihr privates Konto auszahlen. Wir m\u00fcssen uns also die angebotenen Zahlungsmethoden ansehen.<\/p>\n<p>Die meisten Robo-Advisors erm\u00f6glichen Zahlungen per Kreditkarten, \u00dcberweisungen und \u00fcber Online-Zahlungsdienste wie Neteller oder Skrill. Kreditkarten sind nach wie vor ein beliebtes Zahlungsmittel, da Transaktionen unkompliziert sind und schnell ausgef\u00fchrt werden. \u00dcberweisungen gelten als sehr sicher, die Bearbeitung dauert jedoch in der Regel mehrere Tage. Viele Unternehmen gestatten Ein- und Auszahlungen auch \u00fcber elektronische Zahlungsdienstleister wie Skrill, Neteller und PayPal \u2013 Zahlungsmethoden, die aufgrund ihrer Transaktionsgeschwindigkeit beliebt sind.<\/p>\n<p>Bei der Bewertung eines Robo Advisor-Anbieters ist es entscheidend, die m\u00f6glichen Geb\u00fchren und Limits zu ber\u00fccksichtigen. Es k\u00f6nnte eine Mindestgrenze f\u00fcr Abhebungen festgelegt sein. Einige Anbieter erlauben nur eine bestimmte Anzahl von Zahlungen pro Monat und jeder weitere Betrag ist mit einer Geb\u00fchr verbunden. H\u00e4ufig erlauben Broker Auszahlungen nur auf die gleiche Weise, mit der Sie die Einzahlung get\u00e4tigt haben. Einige Unternehmen erm\u00f6glichen die Verkn\u00fcpfung mit Ihrem Bankkonto, und Sie k\u00f6nnen automatisch Ein- und Auszahlungen auf das Konto vornehmen.<\/p>\n<h2 id=\"zusatzleistungen\">ZUSATZLEISTUNGEN<\/h2>\n<p>Viele Unternehmen bieten ihren Kunden n\u00fctzliche Zusatzleistungen an \u2013 dies k\u00f6nnen Investitionstrainings und Schulungen oder aber Bargeld sein, um Ihre anf\u00e4ngliche Einzahlung zu erh\u00f6hen. Nur Anbieter, die \u00fcber ein gut entwickeltes Bildungs- und Schulungsangebot verf\u00fcgen, verdienen das Pr\u00e4dikat \u201eBester Robo Advisor f\u00fcr Einsteiger\u201c verdient. Auch erfahrene Anleger k\u00f6nnen von zus\u00e4tzlichen Schulungen und Ausbildungen profitieren. Die Mehrheit der Unternehmen wird nur Online-Video-Tutorials anbieten, obwohl auch Seminare schon vorgekommen sind.<\/p>\n<p><img loading=\"lazy\" decoding=\"async\" class=\"aligncenter size-full wp-image-51607\" src=\"https:\/\/www.asktraders.com\/wp-content\/uploads\/2019\/07\/shutterstock_548497369.jpg\" alt=\"Robo Advisor Vergleich\" width=\"1000\" height=\"667\" srcset=\"https:\/\/www.asktraders.com\/wp-content\/uploads\/2019\/07\/shutterstock_548497369.jpg 1000w, https:\/\/www.asktraders.com\/wp-content\/uploads\/2019\/07\/shutterstock_548497369-300x200.jpg 300w, https:\/\/www.asktraders.com\/wp-content\/uploads\/2019\/07\/shutterstock_548497369-768x512.jpg 768w, https:\/\/www.asktraders.com\/wp-content\/uploads\/2019\/07\/shutterstock_548497369-150x100.jpg 150w, https:\/\/www.asktraders.com\/wp-content\/uploads\/2019\/07\/shutterstock_548497369-313x209.jpg 313w, https:\/\/www.asktraders.com\/wp-content\/uploads\/2019\/07\/shutterstock_548497369-400x267.jpg 400w\" sizes=\"auto, (max-width: 1000px) 100vw, 1000px\" \/><\/p>\n<h2 id=\"regulierung_und_einlagenschutz\">REGULIERUNG UND EINLAGENSCHUTZ<\/h2>\n<p>Wie bei allen Handelskonten sind Regulierung und Einlagensicherung auch bei Robo Advisor-Konten ein wesentliches Thema. Sie sind jedoch keine Garantie daf\u00fcr, dass Sie einen seri\u00f6sen Robo Advisor finden. Einen Versto\u00dfes eines Robo Advisor-Unternehmens gegen das Gesetz kann man nicht vollst\u00e4ndig ausschlie\u00dfen, aber Sie k\u00f6nnen sicher sein, dass regulierte Anbieter lizenziert sind, ihre Dienste auf dem Markt anzubieten. Die zust\u00e4ndigen Beh\u00f6rden werden die Einhaltung der Vorgaben in regelm\u00e4\u00dfigen Abst\u00e4nden \u00fcberpr\u00fcfen.<\/p>\n<p>Um zu best\u00e4tigen, dass das Unternehmen reguliert ist, k\u00f6nnen Sie das Verzeichnis der auf ihrer Website angegebenen Beh\u00f6rde nachschlagen und deren Lizenzinformationen \u00fcberpr\u00fcfen. Wir empfehlen Ihnen, sich auch \u00fcber die H\u00f6he der angebotenen Einlagensicherung zu informieren. Sie bietet einen zus\u00e4tzlichen Schutz und sichert Kundengelder im Insolvenzfall bis zu einem bestimmten Betrag.<\/p>\n<p>Was Daten angeht, gibt es immer Risiken. Sie k\u00f6nnen jedoch selbst Ma\u00dfnahmen ergreifen, um diese Risiken zu minimieren. Bei einem Anbietervergleich sollten Sie darauf achten, dass die Daten\u00fcbertragung immer verschl\u00fcsselt ist. Durch die Wahl eines sicheren Passworts k\u00f6nnen Sie auch zur eigenen Datensicherheit beitragen.<\/p>\n<h2 id=\"auszeichnungen\">AUSZEICHNUNGEN<\/h2>\n<p>Berichte in der Fachpresse zu einem Robo Advisor-Unternehmen k\u00f6nnen bei einer Beurteilung hilfreich sein, wir empfehlen hingegen normalerweise nicht, Foren zu durchsuchen, da der Kontext fehlt. In diesem Fall allerdings k\u00f6nnen Foren zuverl\u00e4ssig sein. Da die Benutzereingaben minimal sind und alle Gewinne oder Verluste direkt vom Advisor ausgehen, werden alle Posts mit der Leistung des Beraters in Verbindung gebracht.<\/p>\n<p>Robo Advisors sind relativ neu, sodass es nicht zu viele historische Informationen zu Auszeichnungen und Nachrichten in der Presse gibt. Dies bedeutet jedoch nicht, dass es keine geben wird. Stellen Sie sicher, dass Sie alle Informationen lesen, die Sie finden k\u00f6nnen. Dies ist hilfreich f\u00fcr Ihre Einsch\u00e4tzung des Unternehmens. Viele Anbieter ver\u00f6ffentlichen einen Link zur Berichterstattung in den Medien auf ihrer Website.<\/p>\n<p>Auch wenn ein Unternehmen in der Vergangenheit als \u201cBester Robo Advisor\u201d ausgezeichnet wurde, sollten Sie in Erfahrung bringen, ob es neuere Auszeichnungen gibt. Solche Auszeichnungen sind f\u00fcr Anbieter unerl\u00e4sslich, um Vertrauen bei den Kunden aufzubauen. Verschiedene Magazine f\u00fchren Tests der Robo Advisors durch und vergeben j\u00e4hrlich Titel und Auszeichnungen f\u00fcr leistungsstarke Robo Advisor-Anbieter. Eine Analyse der Plattformen, der Kundenservices und der Sicherheit wird regelm\u00e4\u00dfig durchgef\u00fchrt. Awards sind sicherlich ein n\u00fctzliches Mittel zur Bewertung eines Maklers. In der Regel finden Sie die erhaltenen Auszeichnungen auf dessen Website.<\/p>\n<p><em>Bilderquelle:<\/em><\/p>\n<ul>\n<li><em>shutterstock.com<\/em><\/li>\n<\/ul>\n","protected":false},"excerpt":{"rendered":"<p>Was sind die wichtigsten Kriterien, die unsere Trader bei der Bewertung von Brokern anwenden GEB\u00dcHREN Die Er\u00f6ffnung eines Kontos bei einem Robo Advisor ist h\u00e4ufig kostenlos. Viele Broker und Unternehmen, die Robo Advisors anbieten, verdienen ihr Geld jedoch \u00fcber Kosten an anderer Stelle, etwa durch den Spread, Echtzeitkurse oder Add-Ons f\u00fcr Handelsplattformen. Abh\u00e4ngig von der &hellip; <a href=\"https:\/\/www.asktraders.com\/de\/broker\/robo-advisor\/\">Continued<\/a><\/p>\n","protected":false},"author":33,"featured_media":15450,"parent":23751,"menu_order":0,"comment_status":"closed","ping_status":"closed","template":"compare-page.blade.php","meta":{"_acf_changed":false,"inline_featured_image":false,"footnotes":""},"tradingcategory":[583],"class_list":["post-28648","page","type-page","status-publish","has-post-thumbnail","hentry","tradingcategory-robo-advisor"],"acf":[],"yoast_head":"<!-- This site is optimized with the Yoast SEO plugin v27.2 - https:\/\/yoast.com\/product\/yoast-seo-wordpress\/ -->\n<title>Robo-Advisor Vergleich 2026 \u00bb Die wichtigsten Kriterien<\/title>\n<meta name=\"description\" content=\"Robo-Advisor Vergleich (04\/26): Was hei\u00dft digitale Verm\u00f6gensverwaltung? \u271a Welche Kriterien sind wichtig? \u2714 Den besten Anbieter finden &amp; vergleichen!\" \/>\n<meta name=\"robots\" content=\"index, follow, max-snippet:-1, max-image-preview:large, max-video-preview:-1\" \/>\n<link rel=\"canonical\" href=\"https:\/\/www.asktraders.com\/de\/broker\/robo-advisor\/\" \/>\n<meta property=\"og:locale\" content=\"de_DE\" \/>\n<meta property=\"og:type\" content=\"article\" \/>\n<meta property=\"og:title\" content=\"Robo-Advisor Vergleich 2026 \u00bb Die wichtigsten Kriterien\" \/>\n<meta property=\"og:description\" content=\"Robo-Advisor Vergleich ([mm]\/[yy]): Was hei\u00dft digitale Verm\u00f6gensverwaltung? \u271a Welche Kriterien sind wichtig? \u2714 Den besten Anbieter finden &amp; vergleichen!\" \/>\n<meta property=\"og:url\" content=\"https:\/\/www.asktraders.com\/de\/broker\/robo-advisor\/\" \/>\n<meta property=\"og:site_name\" content=\"AskTraders.com\" \/>\n<meta property=\"article:publisher\" content=\"https:\/\/www.facebook.com\/asktraderscom\" \/>\n<meta property=\"article:modified_time\" content=\"2022-09-21T16:15:22+00:00\" \/>\n<meta property=\"og:image\" content=\"https:\/\/www.asktraders.com\/wp-content\/uploads\/2018\/05\/beitragsbilder-ratgeber-cfd-2-1-1.jpg\" \/>\n\t<meta property=\"og:image:width\" content=\"611\" \/>\n\t<meta property=\"og:image:height\" content=\"376\" \/>\n\t<meta property=\"og:image:type\" content=\"image\/jpeg\" \/>\n<meta name=\"twitter:card\" content=\"summary_large_image\" \/>\n<meta name=\"twitter:site\" content=\"@Asktraders1\" \/>\n<meta name=\"twitter:label1\" content=\"Gesch\u00e4tzte Lesezeit\" \/>\n\t<meta name=\"twitter:data1\" content=\"7 Minuten\" \/>\n<script type=\"application\/ld+json\" class=\"yoast-schema-graph\">{\"@context\":\"https:\/\/schema.org\",\"@graph\":[{\"@type\":\"WebPage\",\"@id\":\"https:\/\/www.asktraders.com\/de\/broker\/robo-advisor\/\",\"url\":\"https:\/\/www.asktraders.com\/de\/broker\/robo-advisor\/\",\"name\":\"Robo-Advisor Vergleich [yyyy] \u00bb Die wichtigsten Kriterien\",\"isPartOf\":{\"@id\":\"https:\/\/www.asktraders.com\/de\/#website\"},\"primaryImageOfPage\":{\"@id\":\"https:\/\/www.asktraders.com\/de\/broker\/robo-advisor\/#primaryimage\"},\"image\":{\"@id\":\"https:\/\/www.asktraders.com\/de\/broker\/robo-advisor\/#primaryimage\"},\"thumbnailUrl\":\"https:\/\/www.asktraders.com\/wp-content\/uploads\/2018\/05\/beitragsbilder-ratgeber-cfd-2-1-1.jpg\",\"datePublished\":\"2018-09-28T14:36:02+00:00\",\"dateModified\":\"2022-09-21T16:15:22+00:00\",\"description\":\"Robo-Advisor Vergleich ([mm]\/[yy]): Was hei\u00dft digitale Verm\u00f6gensverwaltung? \u271a Welche Kriterien sind wichtig? \u2714 Den besten Anbieter finden & vergleichen!\",\"breadcrumb\":{\"@id\":\"https:\/\/www.asktraders.com\/de\/broker\/robo-advisor\/#breadcrumb\"},\"inLanguage\":\"de-DE\",\"potentialAction\":[{\"@type\":\"ReadAction\",\"target\":[\"https:\/\/www.asktraders.com\/de\/broker\/robo-advisor\/\"]}],\"author\":{\"url\":\"https:\/\/www.asktraders.com\/de\/author\/rubenw\/\"}},{\"@type\":\"ImageObject\",\"inLanguage\":\"de-DE\",\"@id\":\"https:\/\/www.asktraders.com\/de\/broker\/robo-advisor\/#primaryimage\",\"url\":\"https:\/\/www.asktraders.com\/wp-content\/uploads\/2018\/05\/beitragsbilder-ratgeber-cfd-2-1-1.jpg\",\"contentUrl\":\"https:\/\/www.asktraders.com\/wp-content\/uploads\/2018\/05\/beitragsbilder-ratgeber-cfd-2-1-1.jpg\",\"width\":611,\"height\":376,\"caption\":\"\"},{\"@type\":\"BreadcrumbList\",\"@id\":\"https:\/\/www.asktraders.com\/de\/broker\/robo-advisor\/#breadcrumb\",\"itemListElement\":[{\"@type\":\"ListItem\",\"position\":1,\"name\":\"Home\",\"item\":\"https:\/\/www.asktraders.com\/de\/\"},{\"@type\":\"ListItem\",\"position\":2,\"name\":\"Broker\",\"item\":\"https:\/\/www.asktraders.com\/de\/broker\/\"},{\"@type\":\"ListItem\",\"position\":3,\"name\":\"Robo Advisor Vergleich\"}]},{\"@type\":\"WebSite\",\"@id\":\"https:\/\/www.asktraders.com\/de\/#website\",\"url\":\"https:\/\/www.asktraders.com\/de\/\",\"name\":\"AskTraders\",\"description\":\"Guiding You To Trading Success\",\"publisher\":{\"@id\":\"https:\/\/www.asktraders.com\/de\/#organization\"},\"inLanguage\":\"de-DE\"},{\"@type\":\"Organization\",\"@id\":\"https:\/\/www.asktraders.com\/de\/#organization\",\"name\":\"AskTraders\",\"url\":\"https:\/\/www.asktraders.com\/de\/\",\"logo\":{\"@type\":\"ImageObject\",\"inLanguage\":\"de-DE\",\"@id\":\"https:\/\/www.asktraders.com\/de\/#\/schema\/logo\/image\/\",\"url\":\"https:\/\/www.asktraders.com\/wp-content\/uploads\/2019\/05\/asktraders-logo-tm-white.png\",\"contentUrl\":\"https:\/\/www.asktraders.com\/wp-content\/uploads\/2019\/05\/asktraders-logo-tm-white.png\",\"width\":232,\"height\":38,\"caption\":\"AskTraders\"},\"image\":{\"@id\":\"https:\/\/www.asktraders.com\/de\/#\/schema\/logo\/image\/\"},\"sameAs\":[\"https:\/\/www.facebook.com\/asktraderscom\",\"https:\/\/x.com\/Asktraders1\"]}]}<\/script>\n<!-- \/ Yoast SEO plugin. -->","yoast_head_json":{"title":"Robo-Advisor Vergleich 2026 \u00bb Die wichtigsten Kriterien","description":"Robo-Advisor Vergleich (04\/26): Was hei\u00dft digitale Verm\u00f6gensverwaltung? \u271a Welche Kriterien sind wichtig? \u2714 Den besten Anbieter finden & vergleichen!","robots":{"index":"index","follow":"follow","max-snippet":"max-snippet:-1","max-image-preview":"max-image-preview:large","max-video-preview":"max-video-preview:-1"},"canonical":"https:\/\/www.asktraders.com\/de\/broker\/robo-advisor\/","og_locale":"de_DE","og_type":"article","og_title":"Robo-Advisor Vergleich 2026 \u00bb Die wichtigsten Kriterien","og_description":"Robo-Advisor Vergleich ([mm]\/[yy]): Was hei\u00dft digitale Verm\u00f6gensverwaltung? \u271a Welche Kriterien sind wichtig? \u2714 Den besten Anbieter finden & vergleichen!","og_url":"https:\/\/www.asktraders.com\/de\/broker\/robo-advisor\/","og_site_name":"AskTraders.com","article_publisher":"https:\/\/www.facebook.com\/asktraderscom","article_modified_time":"2022-09-21T16:15:22+00:00","og_image":[{"width":611,"height":376,"url":"https:\/\/www.asktraders.com\/wp-content\/uploads\/2018\/05\/beitragsbilder-ratgeber-cfd-2-1-1.jpg","type":"image\/jpeg"}],"twitter_card":"summary_large_image","twitter_site":"@Asktraders1","twitter_misc":{"Gesch\u00e4tzte Lesezeit":"7 Minuten"},"schema":{"@context":"https:\/\/schema.org","@graph":[{"@type":"WebPage","@id":"https:\/\/www.asktraders.com\/de\/broker\/robo-advisor\/","url":"https:\/\/www.asktraders.com\/de\/broker\/robo-advisor\/","name":"Robo-Advisor Vergleich [yyyy] \u00bb Die wichtigsten Kriterien","isPartOf":{"@id":"https:\/\/www.asktraders.com\/de\/#website"},"primaryImageOfPage":{"@id":"https:\/\/www.asktraders.com\/de\/broker\/robo-advisor\/#primaryimage"},"image":{"@id":"https:\/\/www.asktraders.com\/de\/broker\/robo-advisor\/#primaryimage"},"thumbnailUrl":"https:\/\/www.asktraders.com\/wp-content\/uploads\/2018\/05\/beitragsbilder-ratgeber-cfd-2-1-1.jpg","datePublished":"2018-09-28T14:36:02+00:00","dateModified":"2022-09-21T16:15:22+00:00","description":"Robo-Advisor Vergleich ([mm]\/[yy]): Was hei\u00dft digitale Verm\u00f6gensverwaltung? \u271a Welche Kriterien sind wichtig? \u2714 Den besten Anbieter finden & vergleichen!","breadcrumb":{"@id":"https:\/\/www.asktraders.com\/de\/broker\/robo-advisor\/#breadcrumb"},"inLanguage":"de-DE","potentialAction":[{"@type":"ReadAction","target":["https:\/\/www.asktraders.com\/de\/broker\/robo-advisor\/"]}],"author":{"url":"https:\/\/www.asktraders.com\/de\/author\/rubenw\/"}},{"@type":"ImageObject","inLanguage":"de-DE","@id":"https:\/\/www.asktraders.com\/de\/broker\/robo-advisor\/#primaryimage","url":"https:\/\/www.asktraders.com\/wp-content\/uploads\/2018\/05\/beitragsbilder-ratgeber-cfd-2-1-1.jpg","contentUrl":"https:\/\/www.asktraders.com\/wp-content\/uploads\/2018\/05\/beitragsbilder-ratgeber-cfd-2-1-1.jpg","width":611,"height":376,"caption":""},{"@type":"BreadcrumbList","@id":"https:\/\/www.asktraders.com\/de\/broker\/robo-advisor\/#breadcrumb","itemListElement":[{"@type":"ListItem","position":1,"name":"Home","item":"https:\/\/www.asktraders.com\/de\/"},{"@type":"ListItem","position":2,"name":"Broker","item":"https:\/\/www.asktraders.com\/de\/broker\/"},{"@type":"ListItem","position":3,"name":"Robo Advisor Vergleich"}]},{"@type":"WebSite","@id":"https:\/\/www.asktraders.com\/de\/#website","url":"https:\/\/www.asktraders.com\/de\/","name":"AskTraders","description":"Guiding You To Trading Success","publisher":{"@id":"https:\/\/www.asktraders.com\/de\/#organization"},"inLanguage":"de-DE"},{"@type":"Organization","@id":"https:\/\/www.asktraders.com\/de\/#organization","name":"AskTraders","url":"https:\/\/www.asktraders.com\/de\/","logo":{"@type":"ImageObject","inLanguage":"de-DE","@id":"https:\/\/www.asktraders.com\/de\/#\/schema\/logo\/image\/","url":"https:\/\/www.asktraders.com\/wp-content\/uploads\/2019\/05\/asktraders-logo-tm-white.png","contentUrl":"https:\/\/www.asktraders.com\/wp-content\/uploads\/2019\/05\/asktraders-logo-tm-white.png","width":232,"height":38,"caption":"AskTraders"},"image":{"@id":"https:\/\/www.asktraders.com\/de\/#\/schema\/logo\/image\/"},"sameAs":["https:\/\/www.facebook.com\/asktraderscom","https:\/\/x.com\/Asktraders1"]}]}},"_links":{"self":[{"href":"https:\/\/www.asktraders.com\/de\/wp-json\/wp\/v2\/pages\/28648","targetHints":{"allow":["GET"]}}],"collection":[{"href":"https:\/\/www.asktraders.com\/de\/wp-json\/wp\/v2\/pages"}],"about":[{"href":"https:\/\/www.asktraders.com\/de\/wp-json\/wp\/v2\/types\/page"}],"author":[{"embeddable":true,"href":"https:\/\/www.asktraders.com\/de\/wp-json\/wp\/v2\/users\/33"}],"replies":[{"embeddable":true,"href":"https:\/\/www.asktraders.com\/de\/wp-json\/wp\/v2\/comments?post=28648"}],"version-history":[{"count":0,"href":"https:\/\/www.asktraders.com\/de\/wp-json\/wp\/v2\/pages\/28648\/revisions"}],"up":[{"embeddable":true,"href":"https:\/\/www.asktraders.com\/de\/wp-json\/wp\/v2\/pages\/23751"}],"wp:featuredmedia":[{"embeddable":true,"href":"https:\/\/www.asktraders.com\/de\/wp-json\/wp\/v2\/media\/15450"}],"wp:attachment":[{"href":"https:\/\/www.asktraders.com\/de\/wp-json\/wp\/v2\/media?parent=28648"}],"wp:term":[{"taxonomy":"tradingcategory","embeddable":true,"href":"https:\/\/www.asktraders.com\/de\/wp-json\/wp\/v2\/tradingcategory?post=28648"}],"curies":[{"name":"wp","href":"https:\/\/api.w.org\/{rel}","templated":true}]}}