{"id":6714,"date":"2018-05-17T19:26:08","date_gmt":"2018-05-17T18:26:08","guid":{"rendered":"https:\/\/www.asktraders.com\/?page_id=6714"},"modified":"2022-09-21T17:15:10","modified_gmt":"2022-09-21T16:15:10","slug":"social-trading","status":"publish","type":"page","link":"https:\/\/www.asktraders.com\/de\/broker\/social-trading\/","title":{"rendered":"Social Trading Broker Vergleich \u2013 welche Plattform \u00fcberzeugt 2026?"},"content":{"rendered":"<h3 id=\"was_sind_die_wichtigsten_kriterien_die_unsere_trader_bei_der_bewertung_von_brokern_anlegen\">Was sind die wichtigsten Kriterien, die unsere Trader bei der Bewertung von Brokern anlegen?<\/h3>\n<h2 id=\"gebuehren\">GEB\u00dcHREN<\/h2>\n<p>Wie die Er\u00f6ffnung eines normalen Spread-Betting- oder CFD-Handelskontos ist auch die Einrichtung eines Social-Trading-Kontos h\u00e4ufig kostenlos. Um von den von ihnen angebotenen Leistungen zu profitieren, erheben viele Broker Geb\u00fchren, die auf dem Handelsspread, den Echtzeitpreisen und den Add-Ons f\u00fcr Handelsplattformen basieren. Je nach Anbieter k\u00f6nnen Geb\u00fchren f\u00fcr Einzahlungen oder Auszahlungen anfallen, oder ab einer bestimmten Anzahl von Zahlungen pro Monat wird eine Geb\u00fchr erhoben.<\/p>\n<p>Neben den Handelskosten und -geb\u00fchren ist die Hebelwirkung ein wesentlicher Aspekt eines Social-Trading-Broker-Vergleichs. Mit dem Hebel k\u00f6nnen Sie eine gr\u00f6\u00dfere Menge an Kapital bewegen als auf Ihrem Konto verf\u00fcgbar ist. Einige Broker stufen die Hebel entsprechend dem investierten Kapital. Ein hoher Hebelfaktor kann f\u00fcr erfahrene Trader attraktiv sein. F\u00fcr weniger erfahrene Trader empfehlen wir jedoch niedrigere Hebel.<\/p>\n<p><img loading=\"lazy\" decoding=\"async\" class=\"aligncenter size-full wp-image-54215\" src=\"https:\/\/www.asktraders.com\/wp-content\/uploads\/2019\/07\/shutterstock_634079792.jpg\" alt=\"Social Trading Broker Vergleich\" width=\"1000\" height=\"594\" srcset=\"https:\/\/www.asktraders.com\/wp-content\/uploads\/2019\/07\/shutterstock_634079792.jpg 1000w, https:\/\/www.asktraders.com\/wp-content\/uploads\/2019\/07\/shutterstock_634079792-300x178.jpg 300w, https:\/\/www.asktraders.com\/wp-content\/uploads\/2019\/07\/shutterstock_634079792-768x456.jpg 768w, https:\/\/www.asktraders.com\/wp-content\/uploads\/2019\/07\/shutterstock_634079792-163x97.jpg 163w, https:\/\/www.asktraders.com\/wp-content\/uploads\/2019\/07\/shutterstock_634079792-313x186.jpg 313w, https:\/\/www.asktraders.com\/wp-content\/uploads\/2019\/07\/shutterstock_634079792-400x238.jpg 400w\" sizes=\"auto, (max-width: 1000px) 100vw, 1000px\" \/><\/p>\n<h2 id=\"kontotypen\">KONTOTYPEN<\/h2>\n<p>Immer mehr Broker bieten nun die Wahl zwischen Konten f\u00fcr Anf\u00e4nger, Fortgeschrittene oder VIPs. Dies gilt auch f\u00fcr Social-Trading-Broker. Wie bei anderen herk\u00f6mmlichen CFD-Plattformen h\u00e4ngen diese Kontotypen von der H\u00f6he der Einzahlung bei der Kontoer\u00f6ffnung ab. Das Handelsvolumen kann auch den Kontotyp bestimmen \u2013 Trader k\u00f6nnen mit einem Starterkonto beginnen und je nach Handelsvolumen auf ein anderes Konto upgraden. In einigen F\u00e4llen ist es m\u00f6glich, sich sofort f\u00fcr ein h\u00f6heres Kontomodell zu entscheiden, obwohl dies davon abh\u00e4ngt, dass Sie die Kriterien des Brokers erf\u00fcllen.<\/p>\n<p>Wenn Sie sich die verschiedenen Social-Trading-Broker ansehen, konzentrieren Sie sich auf folgende Punkte &#8211; welche Services erhalten Sie mit dem jeweiligen Konto, und wie unterscheiden sich die Konten? Pr\u00fcfen Sie auch, ob es Sonderangebote gibt \u2013 aber wir werden sp\u00e4ter eingehender \u00fcber Angebote sprechen.<\/p>\n<h2 id=\"plattformen\">PLATTFORMEN<\/h2>\n<p>Ein entscheidender Faktor bei der Auswahl des besten Social Trading Brokers ist die Auswahl der richtigen Handelsplattform. Die besten verf\u00fcgbaren Plattformen verf\u00fcgen \u00fcber eine intuitive Benutzeroberfl\u00e4che und erlauben eine einfache Bedienung. In einigen F\u00e4llen stehen speziell f\u00fcr Kunden entwickelte Softwarel\u00f6sungen zur Verf\u00fcgung \u2013 dies h\u00e4ngt vom Broker ab. Viele Anbieter erm\u00f6glichen jedoch auch die Nutzung bestehender Plattformen wie <a href=\"https:\/\/www.asktraders.com\/de\/traden-lernen\/trading-ratgeber\/metatrader-4-vs-metatrader-5\/\">MetaTrader 4<\/a>.<\/p>\n<p>Die Struktur der Plattform ist von wesentlicher Bedeutung, und die M\u00f6glichkeit, die Benutzeroberfl\u00e4che anpassen zu k\u00f6nnen, ist besonders vorteilhaft. Beim Vergleich von Handelsplattformen sollten technische Indikatoren und die angebotenen Handelssysteme im Vordergrund stehen. Bei der Erstellung einer Strategie sind technische Indikatoren unverzichtbar. Je zuverl\u00e4ssiger und hilfreicher die Plattform ist, desto mehr k\u00f6nnen Sie sich auf das Trading konzentrieren.<\/p>\n<p>Nicht vergessen werden sollte auch das mobile Trading. Apps f\u00fcr Handys und Tablets sind l\u00e4ngst ein Muss und sollten jederzeit flexibel einsetzbar sein. Viele Broker bieten Apps f\u00fcr Smartphones und Tablets an, die in der Regel gut gestaltet und einfach zu bedienen sind. Ein helles und einfaches Layout mit einer \u00dcbersicht \u00fcber Ihre aktuellen Trades ist besonders hilfreich.<\/p>\n<p><img loading=\"lazy\" decoding=\"async\" class=\"aligncenter size-full wp-image-52664\" src=\"https:\/\/www.asktraders.com\/wp-content\/uploads\/2019\/07\/shutterstock_548497369-1.jpg\" alt=\"Social trading Broker Vergleich\" width=\"1000\" height=\"667\" srcset=\"https:\/\/www.asktraders.com\/wp-content\/uploads\/2019\/07\/shutterstock_548497369-1.jpg 1000w, https:\/\/www.asktraders.com\/wp-content\/uploads\/2019\/07\/shutterstock_548497369-1-300x200.jpg 300w, https:\/\/www.asktraders.com\/wp-content\/uploads\/2019\/07\/shutterstock_548497369-1-768x512.jpg 768w, https:\/\/www.asktraders.com\/wp-content\/uploads\/2019\/07\/shutterstock_548497369-1-150x100.jpg 150w, https:\/\/www.asktraders.com\/wp-content\/uploads\/2019\/07\/shutterstock_548497369-1-313x209.jpg 313w, https:\/\/www.asktraders.com\/wp-content\/uploads\/2019\/07\/shutterstock_548497369-1-400x267.jpg 400w\" sizes=\"auto, (max-width: 1000px) 100vw, 1000px\" \/><\/p>\n<h2 id=\"benutzerfreundlichkeit\">BENUTZERFREUNDLICHKEIT<\/h2>\n<p>Wenn Sie zum ersten Mal auf der Website von Social Trading Brokern landen, sollten Sie sich vergewissern, dass Sie effizient und reibungslos navigieren k\u00f6nnen. Die Seite sollte organisiert sein und ein professionelles Aussehen vermitteln. Besonders beliebt ist die One-Click-Navigation, mit der Sie sofort alles \u00fcber das Angebot des Brokers erfahren. Stellen Sie sicher, dass die Website die folgenden Informationen enth\u00e4lt: Kontaktoptionen, Geb\u00fchren, Kontotypen, Gesch\u00e4ftsbedingungen und weitere Details zum Broker und dessen Hintergrund. M\u00f6glicherweise finden Sie auch eine FAQ-Seite, die Ihnen bei der Beantwortung offener Fragen hilft.<\/p>\n<p>Stellen Sie beim Vergleich von Anbietern sicher, dass die Website in einer Sprache vorliegt, die Sie vollst\u00e4ndig verstehen. Manchmal ist dies erst auf den zweiten Blick ersichtlich. Einige Broker haben vielleicht eine englischsprachige Website, doch oft k\u00f6nnen Sie die Sprache nach Ihren W\u00fcnschen einstellen. Gehen Sie sicher, dass die \u00dcbersetzung vollst\u00e4ndig und leicht verst\u00e4ndlich ist.<\/p>\n<h2 id=\"kundendienst\">KUNDENDIENST<\/h2>\n<p>Ein weiterer wesentlicher Aspekt bei der Bewertung eines Social-Trading-Brokers ist dessen Kundenservice. W\u00e4hrend Ihrer Handelserfahrung stellen Sie m\u00f6glicherweise fest, dass Probleme mit dem Handel, der Auszahlung oder der Handelsplattform auftreten. Bei AskTraders legen wir gro\u00dfen Wert auf die Kontaktm\u00f6glichkeiten und die Qualit\u00e4t des Kundenservice eines Anbieters. Viele Broker bieten eine Live-Chat-Option an, und Sie k\u00f6nnen den Kundensupport in der Regel \u00fcber Hotlines, E-Mail oder ein Kontaktformular erreichen. In jedem Fall sollten Sie in der Lage sein, einen Mitarbeiter kostenlos zu kontaktieren. Da dies eine soziale Handelsplattform ist, k\u00f6nnen Sie mit anderen H\u00e4ndlern interagieren, wenn Sie Hilfe ben\u00f6tigen. Dies ist ein fantastischer Aspekt des Social Trading und bietet Ihnen eine zus\u00e4tzliche Support-Option.<\/p>\n<p>Ebenso wichtig ist, in welchen Sprachen das Kundensupport-Team kommunizieren kann. Meist sprechen die Support-Mitarbeiter Englisch, aber viele Broker bieten auch andere Sprachen an. Bei einigen Brokern \u00e4ndert sich der Support-Level abh\u00e4ngig von der Art des Kontos, \u00fcber das Sie verf\u00fcgen. Sie erhalten dann einen pers\u00f6nlichen Account Manager, wenn Sie eine h\u00f6here Kontostufe erreichen. Schauen Sie sich das also unbedingt an.<\/p>\n<p><img loading=\"lazy\" decoding=\"async\" class=\"aligncenter size-full wp-image-52413\" src=\"https:\/\/www.asktraders.com\/wp-content\/uploads\/2019\/07\/shutterstock_696061288-1.jpg\" alt=\"Social Trading Broker\" width=\"1000\" height=\"667\" srcset=\"https:\/\/www.asktraders.com\/wp-content\/uploads\/2019\/07\/shutterstock_696061288-1.jpg 1000w, https:\/\/www.asktraders.com\/wp-content\/uploads\/2019\/07\/shutterstock_696061288-1-300x200.jpg 300w, https:\/\/www.asktraders.com\/wp-content\/uploads\/2019\/07\/shutterstock_696061288-1-768x512.jpg 768w, https:\/\/www.asktraders.com\/wp-content\/uploads\/2019\/07\/shutterstock_696061288-1-150x100.jpg 150w, https:\/\/www.asktraders.com\/wp-content\/uploads\/2019\/07\/shutterstock_696061288-1-313x209.jpg 313w, https:\/\/www.asktraders.com\/wp-content\/uploads\/2019\/07\/shutterstock_696061288-1-400x267.jpg 400w\" sizes=\"auto, (max-width: 1000px) 100vw, 1000px\" \/><\/p>\n<h2 id=\"zahlungsmethoden\">ZAHLUNGSMETHODEN<\/h2>\n<p>Sie m\u00fcssen Geld auf Ihr Handelskonto einzahlen, bevor Sie mit dem Trading beginnen oder anderen <a href=\"https:\/\/www.asktraders.com\/de\/traden-lernen\/trading-strategien\/\">Traderstrategien <\/a>folgen k\u00f6nnen. Wenn dies erfolgreich verl\u00e4uft, m\u00f6chten Sie Ihre Gewinne auf Ihr privates Bankkonto \u00fcberweisen. Daher sind Zahlungsmethoden ein weiterer wichtiger Faktor bei der Auswahl eines Brokers.<\/p>\n<p>Die meisten Social-Trading-Broker bieten die M\u00f6glichkeit, Einzahlungen oder Auszahlungen per Kreditkarte, \u00dcberweisung und Online-Zahlungsdiensten wie Neteller oder Skrill vorzunehmen. Kreditkarten sind noch immer bei weitem die beliebteste Wahl, da sie schnell und einfach zu handhaben sind. \u00dcberweisungen gelten als sehr sicher, die Bearbeitung dauert jedoch in der Regel mehrere Tage. Die meisten Broker erlauben Einzahlungen und Auszahlungen auch \u00fcber Online-Zahlungssysteme wie Skrill, Neteller und PayPal. Diese sind auch aufgrund ihrer Geschwindigkeit sehr beliebt.<\/p>\n<p>Bei manchen Broker k\u00f6nnen Geb\u00fchren und Limits anfallen, es kann zum Beispiel sein, dass es eine Mindestauszahlung gibt. Einige Anbieter erlauben nur eine bestimmte Anzahl von Zahlungen pro Monat. Jeder weitere Transfer dar\u00fcber hinaus kann mit einer Geb\u00fchr verbunden sein. Es ist h\u00e4ufig der Fall, dass Broker Auszahlungen nur nach der gleichen Methode zulassen, mit der Sie die erste Einzahlung get\u00e4tigt haben.<\/p>\n<h2 id=\"zusaetzliche_angebote\">ZUS\u00c4TZLICHE ANGEBOTE<\/h2>\n<p>Nicht selten bieten Broker ihren Kunden Zusatzleistungen an. Diese umfassen in der Regel die Aus- und Weiterbildung. Da sich Social Trading jedoch darauf konzentriert, anderen zu folgen und von ihnen zu lernen, haben wir festgestellt, dass die Aus- und Weiterbildung in einigen F\u00e4llen eingeschr\u00e4nkt ausfallen kann. Alle Social Trading-Plattformen, die umfassende Schulungs- und Ausbildungsplattformen anbieten, zeigen ein starkes Engagement f\u00fcr ihren Kundenstamm. Auch erfahrene Trader k\u00f6nnen von Angeboten wie Webinaren oder Video-Tutorials profitieren. Einige Broker bieten auch Seminare an, andere beschr\u00e4nken sich auf ein paar Videotipps oder sogar eine Handelsakademie. Ein Wirtschaftskalender oder Marktanalysetools sind ebenfalls n\u00fctzlich.<\/p>\n<p><img loading=\"lazy\" decoding=\"async\" class=\"aligncenter size-full wp-image-52393\" src=\"https:\/\/www.asktraders.com\/wp-content\/uploads\/2019\/07\/shutterstock_414153883-1.jpg\" alt=\"Social trading Vergleich\" width=\"1000\" height=\"667\" srcset=\"https:\/\/www.asktraders.com\/wp-content\/uploads\/2019\/07\/shutterstock_414153883-1.jpg 1000w, https:\/\/www.asktraders.com\/wp-content\/uploads\/2019\/07\/shutterstock_414153883-1-300x200.jpg 300w, https:\/\/www.asktraders.com\/wp-content\/uploads\/2019\/07\/shutterstock_414153883-1-768x512.jpg 768w, https:\/\/www.asktraders.com\/wp-content\/uploads\/2019\/07\/shutterstock_414153883-1-150x100.jpg 150w, https:\/\/www.asktraders.com\/wp-content\/uploads\/2019\/07\/shutterstock_414153883-1-313x209.jpg 313w, https:\/\/www.asktraders.com\/wp-content\/uploads\/2019\/07\/shutterstock_414153883-1-400x267.jpg 400w\" sizes=\"auto, (max-width: 1000px) 100vw, 1000px\" \/><\/p>\n<h2 id=\"regulierung_und_einlagenschutz\">REGULIERUNG UND EINLAGENSCHUTZ<\/h2>\n<p>Der wahrscheinlich wichtigste Aspekt bei einem Brokers sind die Regulierung und Einlagensicherung. Dies kann der wesentliche Unterschied zwischen einem unzuverl\u00e4ssigen und vielleicht sogar illegal operierenden Broker und einem fantastischen Anbieter sein, der eine sichere Handelsplattform bietet. Die M\u00f6glichkeit von Social-Trading-Betrug im Handel ist nicht vollst\u00e4ndig auszuschlie\u00dfen. Wenn jedoch ein Broker reguliert ist, k\u00f6nnen Sie sicher sein, dass er lizenziert ist, seine Dienste auf dem Markt anzubieten. Die zust\u00e4ndigen Finanzbeh\u00f6rden \u00fcberpr\u00fcfen die Broker regelm\u00e4\u00dfig auf Einhaltung der Regeln und Vorschriften.<\/p>\n<p>Um sich zu vergewissern, dass ein Broker reguliert ist, k\u00f6nnen Sie unter anderem das Verzeichnis der auf der Broker-Website angegebenen Beh\u00f6rde nachschlagen und deren Lizenzinformationen oder m\u00f6gliche B\u00f6rsenkurse \u00fcberpr\u00fcfen.<\/p>\n<p>Wenden wir uns nun der Einlagensicherung zu. Wir empfehlen Ihnen, sich \u00fcber die H\u00f6he der vom Broker angebotenen Einlagensicherung zu informieren. Es bietet Ihnen, dem Kunden, zus\u00e4tzlichen Schutz und sichert Ihr Geld bis zu einem bestimmten Betrag, sollte der Broker in Konkurs gehen.<\/p>\n<h2 id=\"auszeichnungen\">AUSZEICHNUNGEN<\/h2>\n<p>Bei der Beurteilung von Social-Trading-Brokern k\u00f6nnen Besprechungen in der Finanzpresse hilfreich sein. Sie sollten Foren weniger Aufmerksamkeit schenken, da wir festgestellt haben, dass sie weniger zuverl\u00e4ssig sind.<\/p>\n<p>Sie haben vielleicht bemerkt und gesehen, dass bekannte <a href=\"https:\/\/www.asktraders.com\/de\/traden-lernen\/trading-ratgeber\/was-ist-ein-broker\/\">Broker<\/a> regelm\u00e4\u00dfig in der Presse und \u00fcber Werbung erscheinen. Solche Broker haben in der Vergangenheit in der Regel Auszeichnungen erhalten, und in vielen F\u00e4llen stellen Broker auf ihrer Website einen Link zur Berichterstattung in den Medien bereit. Nutzen Sie die Gelegenheit und verschaffen Sie sich einen \u00dcberblick \u00fcber die aktuelle Berichterstattung in den Medien und \u00fcber die Auszeichnungen, die bereits verliehen wurden.<\/p>\n<p>Unabh\u00e4ngig davon, ob ein Broker bereits Awards erhalten hat, lohnt es sich zu pr\u00fcfen, ob darunter neuere Auszeichnungen sind. Solche Unterscheidungen sind f\u00fcr Broker wichtig, um Vertrauen bei ihren Kunden aufzubauen. Verschiedene Magazine, Finanzpresseverb\u00e4nde und Preisaussch\u00fcsse unterziehen Broker einem Test und vergeben j\u00e4hrlich Titel und Auszeichnungen f\u00fcr das Social Trading. Die Plattformen, die Services und die Sicherheit werden gr\u00fcndlich gepr\u00fcft. Awards sind sicherlich ein vern\u00fcnftiges Mittel zur Bewertung eines Brokers. Sie k\u00f6nnen sicher sein, dass ein Broker, der Auszeichnungen erhalten hat, diese auf seiner Website erw\u00e4hnt.<\/p>\n<p><em>Bilderquelle:<\/em><\/p>\n<ul>\n<li><em>shutterstock.com<\/em><\/li>\n<\/ul>\n","protected":false},"excerpt":{"rendered":"<p>Was sind die wichtigsten Kriterien, die unsere Trader bei der Bewertung von Brokern anlegen? GEB\u00dcHREN Wie die Er\u00f6ffnung eines normalen Spread-Betting- oder CFD-Handelskontos ist auch die Einrichtung eines Social-Trading-Kontos h\u00e4ufig kostenlos. Um von den von ihnen angebotenen Leistungen zu profitieren, erheben viele Broker Geb\u00fchren, die auf dem Handelsspread, den Echtzeitpreisen und den Add-Ons f\u00fcr Handelsplattformen &hellip; <a href=\"https:\/\/www.asktraders.com\/de\/broker\/social-trading\/\">Continued<\/a><\/p>\n","protected":false},"author":266,"featured_media":9354,"parent":23751,"menu_order":0,"comment_status":"closed","ping_status":"closed","template":"compare-page.blade.php","meta":{"_acf_changed":false,"inline_featured_image":false,"footnotes":""},"tradingcategory":[63268],"class_list":["post-6714","page","type-page","status-publish","has-post-thumbnail","hentry","tradingcategory-social_trading-de"],"acf":[],"yoast_head":"<!-- This site is optimized with the Yoast SEO plugin v27.2 - https:\/\/yoast.com\/product\/yoast-seo-wordpress\/ -->\n<title>Social Trading Broker Vergleich 2026 \u00bb von Tradern lernen<\/title>\n<meta name=\"description\" content=\"Social Trading Broker Vergleich 2026: Welche Plattform ist am besten? \u271a Kriterien &amp; Merkmale der Top-Anbieter \u2714 Jetzt vergleichen &amp; Social Trading starten!\" \/>\n<meta name=\"robots\" content=\"index, follow, max-snippet:-1, max-image-preview:large, max-video-preview:-1\" \/>\n<link rel=\"canonical\" href=\"https:\/\/www.asktraders.com\/de\/broker\/social-trading\/\" \/>\n<meta property=\"og:locale\" content=\"de_DE\" \/>\n<meta property=\"og:type\" content=\"article\" \/>\n<meta property=\"og:title\" content=\"Social Trading Broker Vergleich 2026 \u00bb von Tradern lernen\" \/>\n<meta property=\"og:description\" content=\"Social Trading Broker Vergleich [yyyy]: Welche Plattform ist am besten? \u271a Kriterien &amp; Merkmale der Top-Anbieter \u2714 Jetzt vergleichen &amp; Social Trading starten!\" \/>\n<meta property=\"og:url\" content=\"https:\/\/www.asktraders.com\/de\/broker\/social-trading\/\" \/>\n<meta property=\"og:site_name\" content=\"AskTraders.com\" \/>\n<meta property=\"article:publisher\" content=\"https:\/\/www.facebook.com\/asktraderscom\" \/>\n<meta property=\"article:modified_time\" content=\"2022-09-21T16:15:10+00:00\" \/>\n<meta property=\"og:image\" content=\"https:\/\/www.asktraders.com\/wp-content\/uploads\/2018\/05\/beitragsbilder-ratgeber-social-trading-1-1.jpg\" \/>\n\t<meta property=\"og:image:width\" content=\"611\" \/>\n\t<meta property=\"og:image:height\" content=\"376\" \/>\n\t<meta property=\"og:image:type\" content=\"image\/jpeg\" \/>\n<meta name=\"twitter:card\" content=\"summary_large_image\" \/>\n<meta name=\"twitter:site\" content=\"@Asktraders1\" \/>\n<meta name=\"twitter:label1\" content=\"Gesch\u00e4tzte Lesezeit\" \/>\n\t<meta name=\"twitter:data1\" content=\"7 Minuten\" \/>\n<script type=\"application\/ld+json\" class=\"yoast-schema-graph\">{\"@context\":\"https:\/\/schema.org\",\"@graph\":[{\"@type\":\"WebPage\",\"@id\":\"https:\/\/www.asktraders.com\/de\/broker\/social-trading\/\",\"url\":\"https:\/\/www.asktraders.com\/de\/broker\/social-trading\/\",\"name\":\"Social Trading Broker Vergleich [yyyy] \u00bb von Tradern lernen\",\"isPartOf\":{\"@id\":\"https:\/\/www.asktraders.com\/de\/#website\"},\"primaryImageOfPage\":{\"@id\":\"https:\/\/www.asktraders.com\/de\/broker\/social-trading\/#primaryimage\"},\"image\":{\"@id\":\"https:\/\/www.asktraders.com\/de\/broker\/social-trading\/#primaryimage\"},\"thumbnailUrl\":\"https:\/\/www.asktraders.com\/wp-content\/uploads\/2018\/05\/beitragsbilder-ratgeber-social-trading-1-1.jpg\",\"datePublished\":\"2018-05-17T18:26:08+00:00\",\"dateModified\":\"2022-09-21T16:15:10+00:00\",\"description\":\"Social Trading Broker Vergleich [yyyy]: Welche Plattform ist am besten? \u271a Kriterien & Merkmale der Top-Anbieter \u2714 Jetzt vergleichen & Social Trading starten!\",\"breadcrumb\":{\"@id\":\"https:\/\/www.asktraders.com\/de\/broker\/social-trading\/#breadcrumb\"},\"inLanguage\":\"de-DE\",\"potentialAction\":[{\"@type\":\"ReadAction\",\"target\":[\"https:\/\/www.asktraders.com\/de\/broker\/social-trading\/\"]}],\"author\":{\"url\":\"https:\/\/www.asktraders.com\/de\/author\/rich\/\"}},{\"@type\":\"ImageObject\",\"inLanguage\":\"de-DE\",\"@id\":\"https:\/\/www.asktraders.com\/de\/broker\/social-trading\/#primaryimage\",\"url\":\"https:\/\/www.asktraders.com\/wp-content\/uploads\/2018\/05\/beitragsbilder-ratgeber-social-trading-1-1.jpg\",\"contentUrl\":\"https:\/\/www.asktraders.com\/wp-content\/uploads\/2018\/05\/beitragsbilder-ratgeber-social-trading-1-1.jpg\",\"width\":611,\"height\":376,\"caption\":\"\"},{\"@type\":\"BreadcrumbList\",\"@id\":\"https:\/\/www.asktraders.com\/de\/broker\/social-trading\/#breadcrumb\",\"itemListElement\":[{\"@type\":\"ListItem\",\"position\":1,\"name\":\"Home\",\"item\":\"https:\/\/www.asktraders.com\/de\/\"},{\"@type\":\"ListItem\",\"position\":2,\"name\":\"Broker\",\"item\":\"https:\/\/www.asktraders.com\/de\/broker\/\"},{\"@type\":\"ListItem\",\"position\":3,\"name\":\"Social Trading Anbieter\"}]},{\"@type\":\"WebSite\",\"@id\":\"https:\/\/www.asktraders.com\/de\/#website\",\"url\":\"https:\/\/www.asktraders.com\/de\/\",\"name\":\"AskTraders\",\"description\":\"Guiding You To Trading Success\",\"publisher\":{\"@id\":\"https:\/\/www.asktraders.com\/de\/#organization\"},\"inLanguage\":\"de-DE\"},{\"@type\":\"Organization\",\"@id\":\"https:\/\/www.asktraders.com\/de\/#organization\",\"name\":\"AskTraders\",\"url\":\"https:\/\/www.asktraders.com\/de\/\",\"logo\":{\"@type\":\"ImageObject\",\"inLanguage\":\"de-DE\",\"@id\":\"https:\/\/www.asktraders.com\/de\/#\/schema\/logo\/image\/\",\"url\":\"https:\/\/www.asktraders.com\/wp-content\/uploads\/2019\/05\/asktraders-logo-tm-white.png\",\"contentUrl\":\"https:\/\/www.asktraders.com\/wp-content\/uploads\/2019\/05\/asktraders-logo-tm-white.png\",\"width\":232,\"height\":38,\"caption\":\"AskTraders\"},\"image\":{\"@id\":\"https:\/\/www.asktraders.com\/de\/#\/schema\/logo\/image\/\"},\"sameAs\":[\"https:\/\/www.facebook.com\/asktraderscom\",\"https:\/\/x.com\/Asktraders1\"]}]}<\/script>\n<!-- \/ Yoast SEO plugin. -->","yoast_head_json":{"title":"Social Trading Broker Vergleich 2026 \u00bb von Tradern lernen","description":"Social Trading Broker Vergleich 2026: Welche Plattform ist am besten? \u271a Kriterien & Merkmale der Top-Anbieter \u2714 Jetzt vergleichen & Social Trading starten!","robots":{"index":"index","follow":"follow","max-snippet":"max-snippet:-1","max-image-preview":"max-image-preview:large","max-video-preview":"max-video-preview:-1"},"canonical":"https:\/\/www.asktraders.com\/de\/broker\/social-trading\/","og_locale":"de_DE","og_type":"article","og_title":"Social Trading Broker Vergleich 2026 \u00bb von Tradern lernen","og_description":"Social Trading Broker Vergleich [yyyy]: Welche Plattform ist am besten? \u271a Kriterien & Merkmale der Top-Anbieter \u2714 Jetzt vergleichen & Social Trading starten!","og_url":"https:\/\/www.asktraders.com\/de\/broker\/social-trading\/","og_site_name":"AskTraders.com","article_publisher":"https:\/\/www.facebook.com\/asktraderscom","article_modified_time":"2022-09-21T16:15:10+00:00","og_image":[{"width":611,"height":376,"url":"https:\/\/www.asktraders.com\/wp-content\/uploads\/2018\/05\/beitragsbilder-ratgeber-social-trading-1-1.jpg","type":"image\/jpeg"}],"twitter_card":"summary_large_image","twitter_site":"@Asktraders1","twitter_misc":{"Gesch\u00e4tzte Lesezeit":"7 Minuten"},"schema":{"@context":"https:\/\/schema.org","@graph":[{"@type":"WebPage","@id":"https:\/\/www.asktraders.com\/de\/broker\/social-trading\/","url":"https:\/\/www.asktraders.com\/de\/broker\/social-trading\/","name":"Social Trading Broker Vergleich [yyyy] \u00bb von Tradern lernen","isPartOf":{"@id":"https:\/\/www.asktraders.com\/de\/#website"},"primaryImageOfPage":{"@id":"https:\/\/www.asktraders.com\/de\/broker\/social-trading\/#primaryimage"},"image":{"@id":"https:\/\/www.asktraders.com\/de\/broker\/social-trading\/#primaryimage"},"thumbnailUrl":"https:\/\/www.asktraders.com\/wp-content\/uploads\/2018\/05\/beitragsbilder-ratgeber-social-trading-1-1.jpg","datePublished":"2018-05-17T18:26:08+00:00","dateModified":"2022-09-21T16:15:10+00:00","description":"Social Trading Broker Vergleich [yyyy]: Welche Plattform ist am besten? \u271a Kriterien & Merkmale der Top-Anbieter \u2714 Jetzt vergleichen & Social Trading starten!","breadcrumb":{"@id":"https:\/\/www.asktraders.com\/de\/broker\/social-trading\/#breadcrumb"},"inLanguage":"de-DE","potentialAction":[{"@type":"ReadAction","target":["https:\/\/www.asktraders.com\/de\/broker\/social-trading\/"]}],"author":{"url":"https:\/\/www.asktraders.com\/de\/author\/rich\/"}},{"@type":"ImageObject","inLanguage":"de-DE","@id":"https:\/\/www.asktraders.com\/de\/broker\/social-trading\/#primaryimage","url":"https:\/\/www.asktraders.com\/wp-content\/uploads\/2018\/05\/beitragsbilder-ratgeber-social-trading-1-1.jpg","contentUrl":"https:\/\/www.asktraders.com\/wp-content\/uploads\/2018\/05\/beitragsbilder-ratgeber-social-trading-1-1.jpg","width":611,"height":376,"caption":""},{"@type":"BreadcrumbList","@id":"https:\/\/www.asktraders.com\/de\/broker\/social-trading\/#breadcrumb","itemListElement":[{"@type":"ListItem","position":1,"name":"Home","item":"https:\/\/www.asktraders.com\/de\/"},{"@type":"ListItem","position":2,"name":"Broker","item":"https:\/\/www.asktraders.com\/de\/broker\/"},{"@type":"ListItem","position":3,"name":"Social Trading Anbieter"}]},{"@type":"WebSite","@id":"https:\/\/www.asktraders.com\/de\/#website","url":"https:\/\/www.asktraders.com\/de\/","name":"AskTraders","description":"Guiding You To Trading Success","publisher":{"@id":"https:\/\/www.asktraders.com\/de\/#organization"},"inLanguage":"de-DE"},{"@type":"Organization","@id":"https:\/\/www.asktraders.com\/de\/#organization","name":"AskTraders","url":"https:\/\/www.asktraders.com\/de\/","logo":{"@type":"ImageObject","inLanguage":"de-DE","@id":"https:\/\/www.asktraders.com\/de\/#\/schema\/logo\/image\/","url":"https:\/\/www.asktraders.com\/wp-content\/uploads\/2019\/05\/asktraders-logo-tm-white.png","contentUrl":"https:\/\/www.asktraders.com\/wp-content\/uploads\/2019\/05\/asktraders-logo-tm-white.png","width":232,"height":38,"caption":"AskTraders"},"image":{"@id":"https:\/\/www.asktraders.com\/de\/#\/schema\/logo\/image\/"},"sameAs":["https:\/\/www.facebook.com\/asktraderscom","https:\/\/x.com\/Asktraders1"]}]}},"_links":{"self":[{"href":"https:\/\/www.asktraders.com\/de\/wp-json\/wp\/v2\/pages\/6714","targetHints":{"allow":["GET"]}}],"collection":[{"href":"https:\/\/www.asktraders.com\/de\/wp-json\/wp\/v2\/pages"}],"about":[{"href":"https:\/\/www.asktraders.com\/de\/wp-json\/wp\/v2\/types\/page"}],"author":[{"embeddable":true,"href":"https:\/\/www.asktraders.com\/de\/wp-json\/wp\/v2\/users\/266"}],"replies":[{"embeddable":true,"href":"https:\/\/www.asktraders.com\/de\/wp-json\/wp\/v2\/comments?post=6714"}],"version-history":[{"count":0,"href":"https:\/\/www.asktraders.com\/de\/wp-json\/wp\/v2\/pages\/6714\/revisions"}],"up":[{"embeddable":true,"href":"https:\/\/www.asktraders.com\/de\/wp-json\/wp\/v2\/pages\/23751"}],"wp:featuredmedia":[{"embeddable":true,"href":"https:\/\/www.asktraders.com\/de\/wp-json\/wp\/v2\/media\/9354"}],"wp:attachment":[{"href":"https:\/\/www.asktraders.com\/de\/wp-json\/wp\/v2\/media?parent=6714"}],"wp:term":[{"taxonomy":"tradingcategory","embeddable":true,"href":"https:\/\/www.asktraders.com\/de\/wp-json\/wp\/v2\/tradingcategory?post=6714"}],"curies":[{"name":"wp","href":"https:\/\/api.w.org\/{rel}","templated":true}]}}