{"id":66121,"date":"2020-01-30T10:10:06","date_gmt":"2020-01-30T10:10:06","guid":{"rendered":"https:\/\/www.asktraders.com\/compare-corredores-forex-2\/"},"modified":"2023-11-02T09:39:59","modified_gmt":"2023-11-02T09:39:59","slug":"cfd","status":"publish","type":"page","link":"https:\/\/www.asktraders.com\/es\/corredor\/cfd\/","title":{"rendered":"COMPARE CORREDORES CFD"},"content":{"rendered":"<h2 id=\"cuotas\">CUOTAS<\/h2>\n<p>La apertura de una cuenta de operaciones suele ser algo sin costo, no obstante, muchos corredores podr\u00e1n cargar cuotas con base al diferencial de operaci\u00f3n, precios en tiempo real, agregados para plataformas de operaci\u00f3n. Dependiendo del m\u00e9todo de pago, se podr\u00e1 incurrir tambi\u00e9n en costos para dep\u00f3sitos, retiros o para un cierto n\u00famero de pagos por mes.<\/p>\n<p>Adicional a los costos y cuotas de operaciones, el apalancamiento es un aspecto importante en una comparaci\u00f3n de corredores Forex. Con el apalancamiento, puede acceder a m\u00e1s capital del que tenga disponible en su cuenta de operaciones. Algunos corredores escalonan el apalancamiento en el capital invertido. Las ofertas de apalancamiento particularmente alto son m\u00e1s atractivas para los traders con experiencia. Si bien el apalancamiento es definitivamente un punto clave, un apalancamiento alto podr\u00eda no ser apropiado para sus actividades de operaci\u00f3n actuales.<\/p>\n<h2 id=\"tipos_de_cuenta\"><strong>Tipos de cuenta<\/strong><\/h2>\n<p>M\u00e1s y m\u00e1s corredores en la actualidad ofrecen opciones entre cuentas para principiantes, traders avanzados, o VIPs. A menudo, las cuentas podr\u00e1n variar en t\u00e9rminos de niveles de dep\u00f3sito, pero tambi\u00e9n podr\u00edan variar el soporte y plataformas de operaci\u00f3n. El volumen de operaciones tambi\u00e9n podr\u00e1 determinar el tipo de cuenta \u2013los traders podr\u00e1n comenzar con una cuenta&nbsp;inicial, y esta podr\u00eda actualizarse a otra cuenta, de acuerdo al volumen de operaci\u00f3n. En ocasiones los traders pueden seleccionar inmediatamente una cuenta m\u00e1s alta.<\/p>\n<p>Al comparar corredores, deber\u00e1n tomarse en consideraci\u00f3n las siguientes preguntas: \u00bfQu\u00e9 servicios obtengo en cada cuenta? \u00bfC\u00f3mo difieren las cuentas? \u00bfExisten ofertas para negocio?<\/p>\n<p><img loading=\"lazy\" decoding=\"async\" class=\"size-full wp-image-9291 aligncenter\" src=\"https:\/\/www.asktraders.com\/wp-content\/uploads\/2018\/05\/contentgrafiken-vergleich-uk-de-cfd-02.jpg\" alt=\"Contentgrafiken Vergleich CFD\" width=\"760\" height=\"250\" srcset=\"https:\/\/www.asktraders.com\/wp-content\/uploads\/2018\/05\/contentgrafiken-vergleich-uk-de-cfd-02.jpg 760w, https:\/\/www.asktraders.com\/wp-content\/uploads\/2018\/05\/contentgrafiken-vergleich-uk-de-cfd-02-300x99.jpg 300w\" sizes=\"auto, (max-width: 760px) 100vw, 760px\" \/><\/p>\n<h2 id=\"plataformas\"><strong>Plataformas<\/strong><\/h2>\n<p>Determinar la plataforma de operaciones correcta resulta importante para la exitosa operaci\u00f3n. Las mejores plataformas cuentan con una interfaz de usuario intuitiva y permiten la facilidad de operaciones. Suelen existir soluciones de software desarrolladas especialmente \u2013dependiendo del corredor, y tambi\u00e9n, muchos proveedores permiten el uso de plataformas existentes, tales como MetaTrader 4.<\/p>\n<p>La estructura de la plataforma es importante y una interfaz personalizable es particularmente ventajosa. Al comparar plataformas de operaci\u00f3n, habr\u00e1 de prestarse mayor atenci\u00f3n en los indicadores t\u00e9cnicos y en los sistemas de operaci\u00f3n que se ofrezcan. Al crear una estrategia, los indicadores t\u00e9cnicos son indispensables. Entre m\u00e1s soporte ofrezca la plataforma, mejor podr\u00e1 usted concentrarse en realmente operar.<\/p>\n<p>Las oportunidades para operar en movimiento ya se han convertido en una caracter\u00edstica obligada \u2013una que permita uso flexible en cualquier momento\u2013. Las apps para tel\u00e9fonos inteligentes y tablets son t\u00edpicamente cosas bien dise\u00f1adas y muy f\u00e1ciles para usar. Una estructura clara con una visi\u00f3n general de sus operaciones actuales es particularmente \u00fatil.<\/p>\n<h2 id=\"usabilidad\"><strong>Usabilidad<\/strong><\/h2>\n<p>Al comparar proveedores, primero deber\u00eda de verificar que todo el sitio web se encuentre disponible en un idioma que pueda entender \u2013a veces, esto solo resulta obvio a la segunda inspecci\u00f3n. Algunos corredores podr\u00e1n tener un sitio web en idioma ingl\u00e9s, pero con frecuencia es posible configurar el idioma de su preferencia. Cerci\u00f3rese de que la traducci\u00f3n sea completa y f\u00e1cil de entender.<\/p>\n<p>Otro factor importante es la navegaci\u00f3n \u2013el sitio web deber\u00e1 de estar organizado y guiarle eficientemente por la oferta\u2013. La navegaci\u00f3n \u2018de un clic\u2019 es particularmente popular, ya que permite encontrar todo acerca de la oferta del corredor inmediatamente. Es esencial que el sitio web proporcione acceso f\u00e1cil a la siguiente informaci\u00f3n, opciones de contacto, modelos de costo y cuotas, ofertas, tipos de cuenta, t\u00e9rminos de servicio, informaci\u00f3n acerca del corredor y un \u00e1rea de Preguntas Frecuentes que tambi\u00e9n podr\u00edan ser de ayuda.<\/p>\n<p><img loading=\"lazy\" decoding=\"async\" class=\"size-full wp-image-9288 aligncenter\" src=\"https:\/\/www.asktraders.com\/wp-content\/uploads\/2018\/05\/contentgrafiken-vergleich-uk-de-cfd-01.jpg\" alt=\"Contentgrafiken Vergleich CFD\" width=\"760\" height=\"250\" srcset=\"https:\/\/www.asktraders.com\/wp-content\/uploads\/2018\/05\/contentgrafiken-vergleich-uk-de-cfd-01.jpg 760w, https:\/\/www.asktraders.com\/wp-content\/uploads\/2018\/05\/contentgrafiken-vergleich-uk-de-cfd-01-300x99.jpg 300w\" sizes=\"auto, (max-width: 760px) 100vw, 760px\" \/><\/p>\n<h2 id=\"soporte_al_cliente\"><strong>SOPORTE AL CLIENTE<\/strong><\/h2>\n<p>Durante el curso de su experiencia de operaciones, podr\u00eda toparse con problemas en la operaci\u00f3n, pagos o la plataforma de operaciones. Al evaluar a un proveedor, damos un gran valor a las opciones de contacto, as\u00ed como la calidad del servicio a cliente del proveedor. Muchos corredores proporcionan una opci\u00f3n de chat en vivo, y usted podr\u00e1 usualmente contactar a soporte de clientes mediante l\u00ednea telef\u00f3nica, correo electr\u00f3nico o un formulario de contacto. En cualquier caso, deber\u00e1 de poder contactar a un miembro del personal sin costo alguno.<\/p>\n<p>Algo igualmente importante, son los idiomas que hable el equipo de soporte. Muy a menudo, el personal de soporte habla ingl\u00e9s, pero muchos corredores tambi\u00e9n ofrecen otros idiomas. Adicional al soporte convencional, algunos corredores proporcionan un servicio VIP. Dependiendo de su cuenta o estatus, algunos proveedores tambi\u00e9n podr\u00e1n suministrarle a un administrador de cuenta personal.<\/p>\n<h2 id=\"metodos_de_pago\"><strong>M\u00c9TODOS DE PAGO<\/strong><\/h2>\n<p>Usted necesitar\u00e1 depositar dinero a su cuenta de operaciones antes de poder comenzar a operar, y, si tiene \u00e9xito, desear\u00e1 transferir sus ganancias a su cuenta de banco privada. As\u00ed que, claro est\u00e1, es importante considerar los m\u00e9todos de pago posibles.<\/p>\n<p>La mayor\u00eda de los corredores ofrecen tarjetas de cr\u00e9dito, transferencia bancaria y servicios de pago en l\u00ednea tales como Neteller o Skrill. La tarjeta de cr\u00e9dito sigue siendo un medio de pago popular, ya que las transacciones no son complicadas y se procesan dentro de un lapso breve. Las transferencias bancarias se consideran muy seguras, pero el procesamiento&nbsp;suele tomar varios d\u00edas. Muchos corredores tambi\u00e9n permiten dep\u00f3sitos y retiros mediante servicios de pago en l\u00ednea tales como Skrill, Neteller y PayPal \u2013m\u00e9todos de pago que son populares a causa de sus velocidades de transacci\u00f3n.<\/p>\n<p>Al evaluar a un corredor, es importante considerar las cuotas y l\u00edmites posibles. Podr\u00eda ser el caso que los pagos, por ejemplo, sean posibles solo a partir de un monto dado. Algunos proveedores permiten solo un cierto n\u00famero de pagos al mes, as\u00ed que cada transferencia adicional podr\u00eda conllevar una cuota. Tambi\u00e9n resulta importante investigar las formas en la que se pueden hacer los pagos. Es frecuente el caso que los corredores solo permitir\u00e1n retiros seg\u00fan el mismo m\u00e9todo en el que se hizo el dep\u00f3sito.<\/p>\n<p><img loading=\"lazy\" decoding=\"async\" class=\"size-full wp-image-9294 aligncenter\" src=\"https:\/\/www.asktraders.com\/wp-content\/uploads\/2018\/05\/contentgrafiken-vergleich-uk-de-cfd-03-1.jpg\" alt=\"Contentgrafiken Vergleich CFD\" width=\"760\" height=\"250\" srcset=\"https:\/\/www.asktraders.com\/wp-content\/uploads\/2018\/05\/contentgrafiken-vergleich-uk-de-cfd-03-1.jpg 760w, https:\/\/www.asktraders.com\/wp-content\/uploads\/2018\/05\/contentgrafiken-vergleich-uk-de-cfd-03-1-300x99.jpg 300w\" sizes=\"auto, (max-width: 760px) 100vw, 760px\" \/><\/p>\n<h2 id=\"mejores_ofertas\"><strong>Mejores ofertas<\/strong><\/h2>\n<p>Muchos corredores proporcionan \u00fatiles ofertas adicionales a sus clientes \u2013comenzando con educaci\u00f3n y capacitaci\u00f3n\u2013. Solamente aquellos proveedores que tiene ofertas de educaci\u00f3n y capacitaci\u00f3n bien desarrolladas son merecedores del premio \u2018Mejor corredor Forex para principiantes\u2019. Hasta los traders experimentados se pueden beneficiar de ofertas tales como webinars o video tutoriales. Algunos corredores tambi\u00e9n ofrecen seminarios, en tanto que otros se limitan a un blog con sugerencias o incluso una academia de capacitaci\u00f3n. Ofertas tales como un calendario econ\u00f3mico o herramientas de an\u00e1lisis de mercado, tambi\u00e9n son \u00fatiles.<\/p>\n<h2 id=\"regulacion_y_proteccion_a_deposito\"><strong>REGULACI\u00d3N Y protecci\u00f3n A DEP\u00d3SITO<\/strong><\/h2>\n<p>La regulaci\u00f3n, as\u00ed como el aseguramiento de dep\u00f3sito son aspectos importantes, y con todo, no son garant\u00eda de que obtendr\u00e1 a un corredor Forex de buena reputaci\u00f3n. No es posible el excluir por completo la posibilidad de fraude Forex en las operaciones, empero, usted puede estar seguro de que los proveedores regulados reciben una licencia para ofrecer sus servicios en el mercado. Las autoridades responsables verifican el trabajo de los corredores en intervalos regulares.<\/p>\n<p>Para confirmar que un corredor est\u00e9 regulado, puede buscar el directorio de la autoridad especificada en el sitio web del corredor y examinar su informaci\u00f3n de licencia, o posibles cotizaciones del mercado de acciones, entre otros detalles. Se recomienda que usted tambi\u00e9n indague sobre el monto de aseguramiento de dep\u00f3sito que se ofrece. Esto proporciona protecci\u00f3n adicional, y asegura los fondos del cliente en caso de bancarrota, hasta cierto monto.<\/p>\n<p>Con respecto a sus datos personales, si le preocupa el tema de fraude con Forex, existen un par de verificaciones que podr\u00e1, inevitablemente, desear realizar. En una comparaci\u00f3n de proveedores, deber\u00e1 de verificar que la transferencia de datos siempre sea cifrada. Al elegir una contrase\u00f1a segura, tambi\u00e9n puede contribuir a su propia seguridad de datos personales.<\/p>\n<h2 id=\"premios\"><strong>PREMIOS<\/strong><\/h2>\n<p>La informaci\u00f3n de la prensa de negocios relativa a un corredor puede tambi\u00e9n ayudar en la evaluaci\u00f3n de un corredor. Los foros, en cambio, son menos confiables. Las opiniones positivas podr\u00edan ser expresadas acerca de los pagos, en tanto que las contribuciones negativas podr\u00edan basarse en la frustraci\u00f3n resultante de un mal juicio personal al operar.<\/p>\n<p>Los corredores bien conocidos que han estado en el mercado por cierto tiempo o que ya han recibido premios, tales como el de \u2018Mejor proveedor Forex\u2019, se mencionan a menudo en la prensa. Muchos corredores dan ligas a la cobertura de la prensa en su propio sitio web. Aproveche esta oportunidad para ganar as\u00ed una perspectiva de la cobertura medi\u00e1tica actual del corredor y de los premios que han ganado.<\/p>\n<p>Incluso si un corredor ha sido nombrado el \u2018Mejor proveedor de Forex\u2019 en el pasado, vale la pena ver si hay premios m\u00e1s recientes. Tales premios son importantes para los corredores para establecer confianza con sus clientes. Varias revistas someten a los corredores a una prueba, y otorgan t\u00edtulos y premios anuales para operaci\u00f3n Forex. Las plataformas, servicios de soporte de corredores y seguridad igualmente se escrutan. Los premios son sin duda, una buena forma de evaluar a un corredor \u2013usualmente, podr\u00e1 encontrar los premios a un corredor, enlistados en su sitio web.<\/p>\n<p><em>Fuente de la imagen:<\/em><\/p>\n<ul>\n<li><em>shutterstock.com<\/em><\/li>\n<\/ul>\n","protected":false},"excerpt":{"rendered":"<p>CUOTAS La apertura de una cuenta de operaciones suele ser algo sin costo, no obstante, muchos corredores podr\u00e1n cargar cuotas con base al diferencial de operaci\u00f3n, precios en tiempo real, agregados para plataformas de operaci\u00f3n. Dependiendo del m\u00e9todo de pago, se podr\u00e1 incurrir tambi\u00e9n en costos para dep\u00f3sitos, retiros o para un cierto n\u00famero de &hellip; <a href=\"https:\/\/www.asktraders.com\/es\/corredor\/cfd\/\">Continued<\/a><\/p>\n","protected":false},"author":33,"featured_media":0,"parent":72194,"menu_order":0,"comment_status":"closed","ping_status":"closed","template":"compare-page.blade.php","meta":{"_acf_changed":false,"inline_featured_image":false,"footnotes":""},"tradingcategory":[39261],"class_list":["post-66121","page","type-page","status-publish","hentry","tradingcategory-cfd"],"acf":[],"yoast_head":"<!-- This site is optimized with the Yoast SEO plugin v27.2 - https:\/\/yoast.com\/product\/yoast-seo-wordpress\/ -->\n<title>COMPARE CORREDORES CFD | AskTraders.com<\/title>\n<meta name=\"description\" content=\"Comparaci\u00f3n de corredores CFD, Swissquote, IQ Option, XM y m\u00e1s. Cuales son sus fortalezas y debilidades? rese\u00f1a de nuestro equipo de traders expertos aqu\u00ed.\" \/>\n<meta name=\"robots\" content=\"index, follow, max-snippet:-1, max-image-preview:large, max-video-preview:-1\" \/>\n<link rel=\"canonical\" href=\"https:\/\/www.asktraders.com\/es\/corredor\/cfd\/\" \/>\n<meta property=\"og:locale\" content=\"es_ES\" \/>\n<meta property=\"og:type\" content=\"article\" \/>\n<meta property=\"og:title\" content=\"COMPARE CORREDORES CFD | AskTraders.com\" \/>\n<meta property=\"og:description\" content=\"Comparaci\u00f3n de corredores CFD, Swissquote, IQ Option, XM y m\u00e1s. Cuales son sus fortalezas y debilidades? rese\u00f1a de nuestro equipo de traders expertos aqu\u00ed.\" \/>\n<meta property=\"og:url\" content=\"https:\/\/www.asktraders.com\/es\/corredor\/cfd\/\" \/>\n<meta property=\"og:site_name\" content=\"AskTraders.com\" \/>\n<meta property=\"article:publisher\" content=\"https:\/\/www.facebook.com\/asktraderscom\" \/>\n<meta property=\"article:modified_time\" content=\"2023-11-02T09:39:59+00:00\" \/>\n<meta property=\"og:image\" content=\"https:\/\/www.asktraders.com\/wp-content\/uploads\/2018\/05\/contentgrafiken-vergleich-uk-de-cfd-02.jpg\" \/>\n<meta name=\"twitter:card\" content=\"summary_large_image\" \/>\n<meta name=\"twitter:site\" content=\"@Asktraders1\" \/>\n<meta name=\"twitter:label1\" content=\"Tiempo de lectura\" \/>\n\t<meta name=\"twitter:data1\" content=\"7 minutos\" \/>\n<script type=\"application\/ld+json\" class=\"yoast-schema-graph\">{\"@context\":\"https:\/\/schema.org\",\"@graph\":[{\"@type\":\"WebPage\",\"@id\":\"https:\/\/www.asktraders.com\/es\/corredor\/cfd\/\",\"url\":\"https:\/\/www.asktraders.com\/es\/corredor\/cfd\/\",\"name\":\"COMPARE CORREDORES CFD | AskTraders.com\",\"isPartOf\":{\"@id\":\"https:\/\/www.asktraders.com\/es\/#website\"},\"primaryImageOfPage\":{\"@id\":\"https:\/\/www.asktraders.com\/es\/corredor\/cfd\/#primaryimage\"},\"image\":{\"@id\":\"https:\/\/www.asktraders.com\/es\/corredor\/cfd\/#primaryimage\"},\"thumbnailUrl\":\"https:\/\/www.asktraders.com\/wp-content\/uploads\/2018\/05\/contentgrafiken-vergleich-uk-de-cfd-02.jpg\",\"datePublished\":\"2020-01-30T10:10:06+00:00\",\"dateModified\":\"2023-11-02T09:39:59+00:00\",\"description\":\"Comparaci\u00f3n de corredores CFD, Swissquote, IQ Option, XM y m\u00e1s. Cuales son sus fortalezas y debilidades? rese\u00f1a de nuestro equipo de traders expertos aqu\u00ed.\",\"breadcrumb\":{\"@id\":\"https:\/\/www.asktraders.com\/es\/corredor\/cfd\/#breadcrumb\"},\"inLanguage\":\"es\",\"potentialAction\":[{\"@type\":\"ReadAction\",\"target\":[\"https:\/\/www.asktraders.com\/es\/corredor\/cfd\/\"]}],\"author\":{\"url\":\"https:\/\/www.asktraders.com\/es\/author\/rubenw\/\"}},{\"@type\":\"ImageObject\",\"inLanguage\":\"es\",\"@id\":\"https:\/\/www.asktraders.com\/es\/corredor\/cfd\/#primaryimage\",\"url\":\"https:\/\/www.asktraders.com\/wp-content\/uploads\/2018\/05\/contentgrafiken-vergleich-uk-de-cfd-02.jpg\",\"contentUrl\":\"https:\/\/www.asktraders.com\/wp-content\/uploads\/2018\/05\/contentgrafiken-vergleich-uk-de-cfd-02.jpg\"},{\"@type\":\"BreadcrumbList\",\"@id\":\"https:\/\/www.asktraders.com\/es\/corredor\/cfd\/#breadcrumb\",\"itemListElement\":[{\"@type\":\"ListItem\",\"position\":1,\"name\":\"Home\",\"item\":\"https:\/\/www.asktraders.com\/es\/\"},{\"@type\":\"ListItem\",\"position\":2,\"name\":\"Rese\u00f1as de Corredores\",\"item\":\"https:\/\/www.asktraders.com\/es\/corredor\/\"},{\"@type\":\"ListItem\",\"position\":3,\"name\":\"COMPARE CORREDORES CFD\"}]},{\"@type\":\"WebSite\",\"@id\":\"https:\/\/www.asktraders.com\/es\/#website\",\"url\":\"https:\/\/www.asktraders.com\/es\/\",\"name\":\"AskTraders\",\"description\":\"Guiding You To Trading Success\",\"publisher\":{\"@id\":\"https:\/\/www.asktraders.com\/es\/#organization\"},\"inLanguage\":\"es\"},{\"@type\":\"Organization\",\"@id\":\"https:\/\/www.asktraders.com\/es\/#organization\",\"name\":\"AskTraders\",\"url\":\"https:\/\/www.asktraders.com\/es\/\",\"logo\":{\"@type\":\"ImageObject\",\"inLanguage\":\"es\",\"@id\":\"https:\/\/www.asktraders.com\/es\/#\/schema\/logo\/image\/\",\"url\":\"https:\/\/www.asktraders.com\/wp-content\/uploads\/2019\/05\/asktraders-logo-tm-white.png\",\"contentUrl\":\"https:\/\/www.asktraders.com\/wp-content\/uploads\/2019\/05\/asktraders-logo-tm-white.png\",\"width\":232,\"height\":38,\"caption\":\"AskTraders\"},\"image\":{\"@id\":\"https:\/\/www.asktraders.com\/es\/#\/schema\/logo\/image\/\"},\"sameAs\":[\"https:\/\/www.facebook.com\/asktraderscom\",\"https:\/\/x.com\/Asktraders1\"]}]}<\/script>\n<!-- \/ Yoast SEO plugin. -->","yoast_head_json":{"title":"COMPARE CORREDORES CFD | AskTraders.com","description":"Comparaci\u00f3n de corredores CFD, Swissquote, IQ Option, XM y m\u00e1s. Cuales son sus fortalezas y debilidades? rese\u00f1a de nuestro equipo de traders expertos aqu\u00ed.","robots":{"index":"index","follow":"follow","max-snippet":"max-snippet:-1","max-image-preview":"max-image-preview:large","max-video-preview":"max-video-preview:-1"},"canonical":"https:\/\/www.asktraders.com\/es\/corredor\/cfd\/","og_locale":"es_ES","og_type":"article","og_title":"COMPARE CORREDORES CFD | AskTraders.com","og_description":"Comparaci\u00f3n de corredores CFD, Swissquote, IQ Option, XM y m\u00e1s. Cuales son sus fortalezas y debilidades? rese\u00f1a de nuestro equipo de traders expertos aqu\u00ed.","og_url":"https:\/\/www.asktraders.com\/es\/corredor\/cfd\/","og_site_name":"AskTraders.com","article_publisher":"https:\/\/www.facebook.com\/asktraderscom","article_modified_time":"2023-11-02T09:39:59+00:00","og_image":[{"url":"https:\/\/www.asktraders.com\/wp-content\/uploads\/2018\/05\/contentgrafiken-vergleich-uk-de-cfd-02.jpg","type":"","width":"","height":""}],"twitter_card":"summary_large_image","twitter_site":"@Asktraders1","twitter_misc":{"Tiempo de lectura":"7 minutos"},"schema":{"@context":"https:\/\/schema.org","@graph":[{"@type":"WebPage","@id":"https:\/\/www.asktraders.com\/es\/corredor\/cfd\/","url":"https:\/\/www.asktraders.com\/es\/corredor\/cfd\/","name":"COMPARE CORREDORES CFD | AskTraders.com","isPartOf":{"@id":"https:\/\/www.asktraders.com\/es\/#website"},"primaryImageOfPage":{"@id":"https:\/\/www.asktraders.com\/es\/corredor\/cfd\/#primaryimage"},"image":{"@id":"https:\/\/www.asktraders.com\/es\/corredor\/cfd\/#primaryimage"},"thumbnailUrl":"https:\/\/www.asktraders.com\/wp-content\/uploads\/2018\/05\/contentgrafiken-vergleich-uk-de-cfd-02.jpg","datePublished":"2020-01-30T10:10:06+00:00","dateModified":"2023-11-02T09:39:59+00:00","description":"Comparaci\u00f3n de corredores CFD, Swissquote, IQ Option, XM y m\u00e1s. Cuales son sus fortalezas y debilidades? rese\u00f1a de nuestro equipo de traders expertos aqu\u00ed.","breadcrumb":{"@id":"https:\/\/www.asktraders.com\/es\/corredor\/cfd\/#breadcrumb"},"inLanguage":"es","potentialAction":[{"@type":"ReadAction","target":["https:\/\/www.asktraders.com\/es\/corredor\/cfd\/"]}],"author":{"url":"https:\/\/www.asktraders.com\/es\/author\/rubenw\/"}},{"@type":"ImageObject","inLanguage":"es","@id":"https:\/\/www.asktraders.com\/es\/corredor\/cfd\/#primaryimage","url":"https:\/\/www.asktraders.com\/wp-content\/uploads\/2018\/05\/contentgrafiken-vergleich-uk-de-cfd-02.jpg","contentUrl":"https:\/\/www.asktraders.com\/wp-content\/uploads\/2018\/05\/contentgrafiken-vergleich-uk-de-cfd-02.jpg"},{"@type":"BreadcrumbList","@id":"https:\/\/www.asktraders.com\/es\/corredor\/cfd\/#breadcrumb","itemListElement":[{"@type":"ListItem","position":1,"name":"Home","item":"https:\/\/www.asktraders.com\/es\/"},{"@type":"ListItem","position":2,"name":"Rese\u00f1as de Corredores","item":"https:\/\/www.asktraders.com\/es\/corredor\/"},{"@type":"ListItem","position":3,"name":"COMPARE CORREDORES CFD"}]},{"@type":"WebSite","@id":"https:\/\/www.asktraders.com\/es\/#website","url":"https:\/\/www.asktraders.com\/es\/","name":"AskTraders","description":"Guiding You To Trading Success","publisher":{"@id":"https:\/\/www.asktraders.com\/es\/#organization"},"inLanguage":"es"},{"@type":"Organization","@id":"https:\/\/www.asktraders.com\/es\/#organization","name":"AskTraders","url":"https:\/\/www.asktraders.com\/es\/","logo":{"@type":"ImageObject","inLanguage":"es","@id":"https:\/\/www.asktraders.com\/es\/#\/schema\/logo\/image\/","url":"https:\/\/www.asktraders.com\/wp-content\/uploads\/2019\/05\/asktraders-logo-tm-white.png","contentUrl":"https:\/\/www.asktraders.com\/wp-content\/uploads\/2019\/05\/asktraders-logo-tm-white.png","width":232,"height":38,"caption":"AskTraders"},"image":{"@id":"https:\/\/www.asktraders.com\/es\/#\/schema\/logo\/image\/"},"sameAs":["https:\/\/www.facebook.com\/asktraderscom","https:\/\/x.com\/Asktraders1"]}]}},"_links":{"self":[{"href":"https:\/\/www.asktraders.com\/es\/wp-json\/wp\/v2\/pages\/66121","targetHints":{"allow":["GET"]}}],"collection":[{"href":"https:\/\/www.asktraders.com\/es\/wp-json\/wp\/v2\/pages"}],"about":[{"href":"https:\/\/www.asktraders.com\/es\/wp-json\/wp\/v2\/types\/page"}],"author":[{"embeddable":true,"href":"https:\/\/www.asktraders.com\/es\/wp-json\/wp\/v2\/users\/33"}],"replies":[{"embeddable":true,"href":"https:\/\/www.asktraders.com\/es\/wp-json\/wp\/v2\/comments?post=66121"}],"version-history":[{"count":0,"href":"https:\/\/www.asktraders.com\/es\/wp-json\/wp\/v2\/pages\/66121\/revisions"}],"up":[{"embeddable":true,"href":"https:\/\/www.asktraders.com\/es\/wp-json\/wp\/v2\/pages\/72194"}],"wp:attachment":[{"href":"https:\/\/www.asktraders.com\/es\/wp-json\/wp\/v2\/media?parent=66121"}],"wp:term":[{"taxonomy":"tradingcategory","embeddable":true,"href":"https:\/\/www.asktraders.com\/es\/wp-json\/wp\/v2\/tradingcategory?post=66121"}],"curies":[{"name":"wp","href":"https:\/\/api.w.org\/{rel}","templated":true}]}}