{"id":65704,"date":"2020-01-30T12:01:24","date_gmt":"2020-01-30T12:01:24","guid":{"rendered":"https:\/\/www.asktraders.com\/?page_id=65704"},"modified":"2023-10-20T13:17:14","modified_gmt":"2023-10-20T12:17:14","slug":"criptovalute","status":"publish","type":"page","link":"https:\/\/www.asktraders.com\/it\/broker\/criptovalute\/","title":{"rendered":"CONFRONTA I BROKER CRIPTOVALUTE"},"content":{"rendered":"<h2 id=\"commissioni\">Commissioni<\/h2>\n<p>Aprire un conto di trading \u00e8 spesso gratuito, ma molti broker caricano commissioni in base agli spread, all&#8217;accesso ai prezzi in tempo reale o agli addon che si decidono di utilizzare sulle piattaforme di trading. Poi, a seconda del metodo di pagamento scelto, possono esserci dei costi sui depositi, sui prelievi e altri pagamenti su base mensile.<\/p>\n<p>Oltre ai costi e alle commissioni anche l&#8217;entit\u00e0 della leva finanziaria \u00e8 un importante metro di giudizio. Infatti grazie alla leva \u00e8 possibile accedere a pi\u00f9 capitale di quello che si ha a disposizione sul conto. Si tratta di un fattore molto interessante per i trader pi\u00f9 esperti, ma alcuni broker presentano comunque una leva limitata.<\/p>\n<p>Ricordiamo che, anche se \u00e8 decisamente importante, una leva alta pu\u00f2 non essere adatta a tutti i tipi di trader.<\/p>\n<h2 id=\"tipo_di_conto\">Tipo di conto<\/h2>\n<p>Ormai sempre pi\u00f9 broker permettono di scegliere tra account per trader principianti, professionisti o VIP. Spesso cambia l&#8217;entit\u00e0 del deposito ma possono esserci anche sostanziali cambiamenti nella piattaforma utilizzabile. Anche il volume di trading serve a determinare il tipo di conto: il trader potrebbe cominciare con un conto base e poi passare a quelli successivi in base al volume di trading. Altre volte \u00e8 possibile scegliere direttamente un conto di livello superiore.<\/p>\n<p>Confrontando i broker, \u00e8 importante porsi le seguenti domande: Che servizi offre ogni conto? Quali sono le differenze tra un conto e un altro? Esiste un&#8217;offerta per clienti business?<\/p>\n<p><img loading=\"lazy\" decoding=\"async\" class=\"aligncenter size-full wp-image-9312\" src=\"https:\/\/www.asktraders.com\/wp-content\/uploads\/2018\/05\/contentgrafiken-vergleich-uk-de-krypto-broker-02-1.jpg\" alt=\"Contentgrafiken Vergleich Krypto Broker\" width=\"760\" height=\"250\" srcset=\"https:\/\/www.asktraders.com\/wp-content\/uploads\/2018\/05\/contentgrafiken-vergleich-uk-de-krypto-broker-02-1.jpg 760w, https:\/\/www.asktraders.com\/wp-content\/uploads\/2018\/05\/contentgrafiken-vergleich-uk-de-krypto-broker-02-1-300x99.jpg 300w\" sizes=\"auto, (max-width: 760px) 100vw, 760px\" \/><\/p>\n<h2 id=\"piattaforme\">Piattaforme<\/h2>\n<p>Scegliere la piattaforma di trading giusta \u00e8 fondamentale per avere successo. Le migliori piattaforme sono caratterizzate da un&#8217;interfaccia intuitiva e operativit\u00e0 semplice. Spesso si trovano piattaforme proprietarie appositamente sviluppate per il broker, ma molti offrono anche piattaforme pi\u00f9 standard come MetaTrader 4.<\/p>\n<p>Come \u00e8 strutturata la piattaforma \u00e8 importante e la possibilit\u00e0 di personalizzarla offre molti vantaggi. Ovviamente, nel confronto tra piattaforme di trading, \u00e8 importante concentrarsi sugli indicatori tecnici offerti e sul sistema di trading offerto. Infatti, quando si crea una strategia, gli indicatori tecnici sono indispensabili. Maggiore il supporto fornito dalla piattaforma, pi\u00f9 sar\u00e0 possibile concentrarsi solo sul trading.<\/p>\n<p>L&#8217;opportunit\u00e0 di fare trading fuori casa \u00e8 ormai un must, una flessibilit\u00e0 irrinunciabile. Le applicazioni per smartphone e tablet devono essere improntate su semplicit\u00e0 e immediatezza. Struttura chiara e una panoramica completa delle operazioni in corso.<\/p>\n<h2 id=\"fruibilita\">Fruibilit\u00e0<\/h2>\n<p>Innanzitutto \u00e8 fondamentale che l&#8217;intero sito web sia disponibile in una lingua che si comprende appieno, una necessit\u00e0 spesso lasciata in secondo piano. Quasi tutti i broker offrono l&#8217;inglese, ma \u00e8 facile trovare la propria lingua tra quelle disponibili. Assicurati che la traduzione sia completa e ben fatta.<\/p>\n<p>Un altro fattore importante \u00e8 la navigabilit\u00e0: il sito web deve essere strutturato in modo da supportare e guidare l&#8217;utente verso il suo obiettivo. La navigazione &#8220;one-click&#8221; \u00e8 molto in voga, perch\u00e9 permette all&#8217;utente di scoprire tutta l&#8217;offerta del broker in un attimo. \u00c8 fondamentale avere un facile accesso alle informazioni sui contatti, commissioni e costi, offerte, tipi di conto, condizioni del servizio, storia del broker e una sezione domande frequenti completa.<\/p>\n<p><img loading=\"lazy\" decoding=\"async\" class=\"aligncenter size-full wp-image-9276\" src=\"https:\/\/www.asktraders.com\/wp-content\/uploads\/2018\/05\/contentgrafiken-vergleich-de-krypto-boersen-03.jpg\" alt=\"Crypto broker comparison\" width=\"760\" height=\"250\" srcset=\"https:\/\/www.asktraders.com\/wp-content\/uploads\/2018\/05\/contentgrafiken-vergleich-de-krypto-boersen-03.jpg 760w, https:\/\/www.asktraders.com\/wp-content\/uploads\/2018\/05\/contentgrafiken-vergleich-de-krypto-boersen-03-300x99.jpg 300w\" sizes=\"auto, (max-width: 760px) 100vw, 760px\" \/><\/p>\n<h2 id=\"servizio_clienti\">Servizio clienti<\/h2>\n<p>Mentre stai facendo trading potresti confrontarti con problematiche nei campi pi\u00f9 disparati, durante un prelievo o mentre operi con la piattaforma. Nella valutazione di un broker si deve dare molta importanza alle opzioni di contatto e alla qualit\u00e0 del servizio clienti. Molti broker ormai offrono una chat istantanea, oltre alle classiche opzioni via telefono, e-mail o modulo di contatto. In ogni caso, deve essere possibile contattare il servizio clienti gratuitamente.<\/p>\n<p>Altrettanto importante \u00e8 la possibilit\u00e0 di parlare con un operatore nella propria lingua. Quasi sempre il servizio di supporto parla inglese, ma \u00e8 possibile che siano disponibili altre lingue. Infine, oltre al servizio clienti di base, alcuni broker offrono un servizio premium. In base al tuo conto o status, potresti persino ricevere un manager personale incaricato dell&#8217;assistenza al tuo conto.<\/p>\n<h2 id=\"metodi_di_pagamento\">Metodi di pagamento<\/h2>\n<p>Dovrai depositare del denaro sul conto prima di poter incominciare a fare trading e, in caso di successo, vorrai trasferire i tuoi profitti sul conto bancario privato. Quindi \u00e8 fondamentale esplorare i vari metodi di pagamento offerti.<\/p>\n<p>Quasi tutti i broker criptovalute permettono di utilizzare carte di credito, bonifici e servizi di pagamento online come Neteller o Skrill. La carta di credito \u00e8 ancora molto in voga, dato che \u00e8 priva di complicazioni e molto rapida. I bonifici sono considerati molto sicuri, ma generalmente lenti. Molti broker sfruttano servizi di pagamento online come Skrill, Neteller e PayPal, apprezzati per la loro velocit\u00e0.<\/p>\n<p>Nella valutazione del broker \u00e8 importante considerare i limiti e le commissioni di ogni opzione. Ad esempio, i prelievi potrebbero essere disponibili solo sopra un certo importo. Altri broker offrono solo un determinato numero di prelievi mensili, oltre i quali si paga una commissione di prelievo. Anche capire come \u00e8 possibile pagare o depositare \u00e8 importante. Infatti, spesso i broker permettono di prelevare solo con lo stesso metodo usato per il deposito.<\/p>\n<p><img loading=\"lazy\" decoding=\"async\" class=\"aligncenter size-full wp-image-9273\" src=\"https:\/\/www.asktraders.com\/wp-content\/uploads\/2018\/05\/contentgrafiken-vergleich-de-krypto-boersen-02.jpg\" alt=\"Contentgrafiken Vergleich Krypto Boersen\" width=\"760\" height=\"250\" srcset=\"https:\/\/www.asktraders.com\/wp-content\/uploads\/2018\/05\/contentgrafiken-vergleich-de-krypto-boersen-02.jpg 760w, https:\/\/www.asktraders.com\/wp-content\/uploads\/2018\/05\/contentgrafiken-vergleich-de-krypto-boersen-02-300x99.jpg 300w\" sizes=\"auto, (max-width: 760px) 100vw, 760px\" \/><\/p>\n<h2 id=\"offerte_migliori\">Offerte migliori<\/h2>\n<p>Molti broker migliorano la propria offerta con servizi addizionali utili ai propri clienti, come ad esempio tutorial e materiale formativo. Solo i broker che hanno una solida base educativa a disposizione dell&#8217;utente ricevono il premio &#8220;Best Crypto Broker for Beginners&#8221;. Ma anche i trader pi\u00f9 esperti possono trovare molto utili i video tutorial o gli webinar. Alcuni broker offrono seminari o una trading academy mentre altri si limitano a un semplice blog di confronto. Infine, anche la presenza di calendario economico e analisi di mercato dovrebbe influire sulla scelta.<\/p>\n<h2 id=\"regolamentazione_e_protezione_dei_depositi\">Regolamentazione e protezione dei depositi<\/h2>\n<p>L&#8217;assicurazione sui depositi e la regolamentazione sono aspetti molto importanti, anche se non sono garanzia che il broker criptovalute sia un ottimo broker. Non esiste un modo per evitare ogni possibile frode nel criptovalute trading, ma sicuramente \u00e8 possibile verificare che il broker disponga di tutte le licenze necessarie. Le autorit\u00e0 competenti sottopongono i broker a controlli regolari.<\/p>\n<p>Per assicurarti che un broker sia regolamentato, puoi guardare gli elenchi messi a disposizione dalle autorit\u00e0 competenti ed esaminare le informazioni fornite dal broker sul proprio sito web, licenza ed eventuali quotazioni di mercato. \u00c8 importante controllare anche a quanto ammonta l&#8217;assicurazione sui depositi. Si tratta di una protezione in pi\u00f9 contro le frodi e in caso di insolvenza del broker.<\/p>\n<p>Se invece la tua principale preoccupazione \u00e8 come il broker gestisce i dati personali, \u00e8 opportuno fare dei controlli mirati. Ad esempio, assicurati sempre che i trasferimenti dei dati siano crittografati. Infine, scegli una password sicura, da sempre il miglior modo per proteggere i propri dati personali.<\/p>\n<p><img loading=\"lazy\" decoding=\"async\" class=\"aligncenter size-full wp-image-9315\" src=\"https:\/\/www.asktraders.com\/wp-content\/uploads\/2018\/05\/contentgrafiken-vergleich-uk-de-krypto-broker-03-1-1.jpg\" alt=\"Contentgrafiken Vergleich Krypto Broker\" width=\"760\" height=\"250\"><\/p>\n<h2 id=\"premi\">Premi<\/h2>\n<p>Mentre le pubblicazioni periodiche specializzate possono aiutare, i forum sono spesso meno sicuri. \u00c8 possibile trovare ottime opinioni sui pagamenti, ma quelle negative possono essere frutto di frustrazione per l&#8217;incapacit\u00e0 personale del trader.<\/p>\n<p>I broker pi\u00f9 rinomati, che sono sul mercato da tempo, hanno ricevuto premi come il &#8220;Best Crypto Provider&#8221; e sono spesso menzionati nelle pubblicazioni. Molti broker riportano i link di tali recensioni. Si tratta di un&#8217;ottima opportunit\u00e0 per conoscere meglio il broker e farsi un&#8217;idea dei premi che ha vinto.<\/p>\n<p>Anche se il broker ha ricevuto un buon premio in passato, \u00e8 importante prestare attenzione ai premi pi\u00f9 recenti. Si tratta di riconoscimenti importanti che aiutano a costruire la fiducia dei propri clienti. Molte riviste sottopongono a vari test i broker, per poi pubblicare i risultati nel mondo del trading criptovalute. I test mettono alla prova le piattaforme offerte, il servizio clienti e la sicurezza. I premi sono dunque un ottimo indice di qualit\u00e0 del broker e sono esposti sempre sul sito web dello stesso.<\/p>\n<p><em>Fonte dell&#8217;immagine:<\/em><\/p>\n<ul>\n<li><em>shutterstock.com<\/em><\/li>\n<\/ul>\n","protected":false},"excerpt":{"rendered":"<p>Commissioni Aprire un conto di trading \u00e8 spesso gratuito, ma molti broker caricano commissioni in base agli spread, all&#8217;accesso ai prezzi in tempo reale o agli addon che si decidono di utilizzare sulle piattaforme di trading. Poi, a seconda del metodo di pagamento scelto, possono esserci dei costi sui depositi, sui prelievi e altri pagamenti &hellip; <a href=\"https:\/\/www.asktraders.com\/it\/broker\/criptovalute\/\">Continued<\/a><\/p>\n","protected":false},"author":268,"featured_media":0,"parent":72201,"menu_order":0,"comment_status":"closed","ping_status":"closed","template":"compare-page.blade.php","meta":{"_acf_changed":false,"inline_featured_image":false,"footnotes":""},"tradingcategory":[62527],"class_list":["post-65704","page","type-page","status-publish","hentry","tradingcategory-criptovalute"],"acf":[],"yoast_head":"<!-- This site is optimized with the Yoast SEO plugin v27.2 - https:\/\/yoast.com\/product\/yoast-seo-wordpress\/ -->\n<title>CONFRONTA I BROKER CRIPTOVALUTE | AskTraders.com<\/title>\n<meta name=\"description\" content=\"Commissioni Aprire un conto di trading \u00e8 spesso gratuito, ma molti broker caricano commissioni in base agli spread, all&#039;accesso ai prezzi in tempo reale o\" \/>\n<meta name=\"robots\" content=\"index, follow, max-snippet:-1, max-image-preview:large, max-video-preview:-1\" \/>\n<link rel=\"canonical\" href=\"https:\/\/www.asktraders.com\/it\/broker\/criptovalute\/\" \/>\n<meta property=\"og:locale\" content=\"it_IT\" \/>\n<meta property=\"og:type\" content=\"article\" \/>\n<meta property=\"og:title\" content=\"CONFRONTA I BROKER CRIPTOVALUTE | AskTraders.com\" \/>\n<meta property=\"og:description\" content=\"Commissioni Aprire un conto di trading \u00e8 spesso gratuito, ma molti broker caricano commissioni in base agli spread, all&#039;accesso ai prezzi in tempo reale o\" \/>\n<meta property=\"og:url\" content=\"https:\/\/www.asktraders.com\/it\/broker\/criptovalute\/\" \/>\n<meta property=\"og:site_name\" content=\"AskTraders.com\" \/>\n<meta property=\"article:publisher\" content=\"https:\/\/www.facebook.com\/asktraderscom\" \/>\n<meta property=\"article:modified_time\" content=\"2023-10-20T12:17:14+00:00\" \/>\n<meta property=\"og:image\" content=\"https:\/\/www.asktraders.com\/wp-content\/uploads\/2018\/05\/contentgrafiken-vergleich-uk-de-krypto-broker-02-1.jpg\" \/>\n<meta name=\"twitter:card\" content=\"summary_large_image\" \/>\n<meta name=\"twitter:site\" content=\"@Asktraders1\" \/>\n<meta name=\"twitter:label1\" content=\"Tempo di lettura stimato\" \/>\n\t<meta name=\"twitter:data1\" content=\"7 minuti\" \/>\n<script type=\"application\/ld+json\" class=\"yoast-schema-graph\">{\"@context\":\"https:\/\/schema.org\",\"@graph\":[{\"@type\":\"WebPage\",\"@id\":\"https:\/\/www.asktraders.com\/it\/broker\/criptovalute\/\",\"url\":\"https:\/\/www.asktraders.com\/it\/broker\/criptovalute\/\",\"name\":\"CONFRONTA I BROKER CRIPTOVALUTE | AskTraders.com\",\"isPartOf\":{\"@id\":\"https:\/\/www.asktraders.com\/it\/#website\"},\"primaryImageOfPage\":{\"@id\":\"https:\/\/www.asktraders.com\/it\/broker\/criptovalute\/#primaryimage\"},\"image\":{\"@id\":\"https:\/\/www.asktraders.com\/it\/broker\/criptovalute\/#primaryimage\"},\"thumbnailUrl\":\"https:\/\/www.asktraders.com\/wp-content\/uploads\/2018\/05\/contentgrafiken-vergleich-uk-de-krypto-broker-02-1.jpg\",\"datePublished\":\"2020-01-30T12:01:24+00:00\",\"dateModified\":\"2023-10-20T12:17:14+00:00\",\"description\":\"Commissioni Aprire un conto di trading \u00e8 spesso gratuito, ma molti broker caricano commissioni in base agli spread, all'accesso ai prezzi in tempo reale o\",\"breadcrumb\":{\"@id\":\"https:\/\/www.asktraders.com\/it\/broker\/criptovalute\/#breadcrumb\"},\"inLanguage\":\"it-IT\",\"potentialAction\":[{\"@type\":\"ReadAction\",\"target\":[\"https:\/\/www.asktraders.com\/it\/broker\/criptovalute\/\"]}],\"author\":{\"url\":\"https:\/\/www.asktraders.com\/it\/author\/tiagog\/\"}},{\"@type\":\"ImageObject\",\"inLanguage\":\"it-IT\",\"@id\":\"https:\/\/www.asktraders.com\/it\/broker\/criptovalute\/#primaryimage\",\"url\":\"https:\/\/www.asktraders.com\/wp-content\/uploads\/2018\/05\/contentgrafiken-vergleich-uk-de-krypto-broker-02-1.jpg\",\"contentUrl\":\"https:\/\/www.asktraders.com\/wp-content\/uploads\/2018\/05\/contentgrafiken-vergleich-uk-de-krypto-broker-02-1.jpg\"},{\"@type\":\"BreadcrumbList\",\"@id\":\"https:\/\/www.asktraders.com\/it\/broker\/criptovalute\/#breadcrumb\",\"itemListElement\":[{\"@type\":\"ListItem\",\"position\":1,\"name\":\"Home\",\"item\":\"https:\/\/www.asktraders.com\/it\/\"},{\"@type\":\"ListItem\",\"position\":2,\"name\":\"BROKER\",\"item\":\"https:\/\/www.asktraders.com\/it\/broker\/\"},{\"@type\":\"ListItem\",\"position\":3,\"name\":\"CONFRONTA I BROKER CRIPTOVALUTE\"}]},{\"@type\":\"WebSite\",\"@id\":\"https:\/\/www.asktraders.com\/it\/#website\",\"url\":\"https:\/\/www.asktraders.com\/it\/\",\"name\":\"AskTraders\",\"description\":\"Guiding You To Trading Success\",\"publisher\":{\"@id\":\"https:\/\/www.asktraders.com\/it\/#organization\"},\"inLanguage\":\"it-IT\"},{\"@type\":\"Organization\",\"@id\":\"https:\/\/www.asktraders.com\/it\/#organization\",\"name\":\"AskTraders\",\"url\":\"https:\/\/www.asktraders.com\/it\/\",\"logo\":{\"@type\":\"ImageObject\",\"inLanguage\":\"it-IT\",\"@id\":\"https:\/\/www.asktraders.com\/it\/#\/schema\/logo\/image\/\",\"url\":\"https:\/\/www.asktraders.com\/wp-content\/uploads\/2019\/05\/asktraders-logo-tm-white.png\",\"contentUrl\":\"https:\/\/www.asktraders.com\/wp-content\/uploads\/2019\/05\/asktraders-logo-tm-white.png\",\"width\":232,\"height\":38,\"caption\":\"AskTraders\"},\"image\":{\"@id\":\"https:\/\/www.asktraders.com\/it\/#\/schema\/logo\/image\/\"},\"sameAs\":[\"https:\/\/www.facebook.com\/asktraderscom\",\"https:\/\/x.com\/Asktraders1\"]}]}<\/script>\n<!-- \/ Yoast SEO plugin. -->","yoast_head_json":{"title":"CONFRONTA I BROKER CRIPTOVALUTE | AskTraders.com","description":"Commissioni Aprire un conto di trading \u00e8 spesso gratuito, ma molti broker caricano commissioni in base agli spread, all'accesso ai prezzi in tempo reale o","robots":{"index":"index","follow":"follow","max-snippet":"max-snippet:-1","max-image-preview":"max-image-preview:large","max-video-preview":"max-video-preview:-1"},"canonical":"https:\/\/www.asktraders.com\/it\/broker\/criptovalute\/","og_locale":"it_IT","og_type":"article","og_title":"CONFRONTA I BROKER CRIPTOVALUTE | AskTraders.com","og_description":"Commissioni Aprire un conto di trading \u00e8 spesso gratuito, ma molti broker caricano commissioni in base agli spread, all'accesso ai prezzi in tempo reale o","og_url":"https:\/\/www.asktraders.com\/it\/broker\/criptovalute\/","og_site_name":"AskTraders.com","article_publisher":"https:\/\/www.facebook.com\/asktraderscom","article_modified_time":"2023-10-20T12:17:14+00:00","og_image":[{"url":"https:\/\/www.asktraders.com\/wp-content\/uploads\/2018\/05\/contentgrafiken-vergleich-uk-de-krypto-broker-02-1.jpg","type":"","width":"","height":""}],"twitter_card":"summary_large_image","twitter_site":"@Asktraders1","twitter_misc":{"Tempo di lettura stimato":"7 minuti"},"schema":{"@context":"https:\/\/schema.org","@graph":[{"@type":"WebPage","@id":"https:\/\/www.asktraders.com\/it\/broker\/criptovalute\/","url":"https:\/\/www.asktraders.com\/it\/broker\/criptovalute\/","name":"CONFRONTA I BROKER CRIPTOVALUTE | AskTraders.com","isPartOf":{"@id":"https:\/\/www.asktraders.com\/it\/#website"},"primaryImageOfPage":{"@id":"https:\/\/www.asktraders.com\/it\/broker\/criptovalute\/#primaryimage"},"image":{"@id":"https:\/\/www.asktraders.com\/it\/broker\/criptovalute\/#primaryimage"},"thumbnailUrl":"https:\/\/www.asktraders.com\/wp-content\/uploads\/2018\/05\/contentgrafiken-vergleich-uk-de-krypto-broker-02-1.jpg","datePublished":"2020-01-30T12:01:24+00:00","dateModified":"2023-10-20T12:17:14+00:00","description":"Commissioni Aprire un conto di trading \u00e8 spesso gratuito, ma molti broker caricano commissioni in base agli spread, all'accesso ai prezzi in tempo reale o","breadcrumb":{"@id":"https:\/\/www.asktraders.com\/it\/broker\/criptovalute\/#breadcrumb"},"inLanguage":"it-IT","potentialAction":[{"@type":"ReadAction","target":["https:\/\/www.asktraders.com\/it\/broker\/criptovalute\/"]}],"author":{"url":"https:\/\/www.asktraders.com\/it\/author\/tiagog\/"}},{"@type":"ImageObject","inLanguage":"it-IT","@id":"https:\/\/www.asktraders.com\/it\/broker\/criptovalute\/#primaryimage","url":"https:\/\/www.asktraders.com\/wp-content\/uploads\/2018\/05\/contentgrafiken-vergleich-uk-de-krypto-broker-02-1.jpg","contentUrl":"https:\/\/www.asktraders.com\/wp-content\/uploads\/2018\/05\/contentgrafiken-vergleich-uk-de-krypto-broker-02-1.jpg"},{"@type":"BreadcrumbList","@id":"https:\/\/www.asktraders.com\/it\/broker\/criptovalute\/#breadcrumb","itemListElement":[{"@type":"ListItem","position":1,"name":"Home","item":"https:\/\/www.asktraders.com\/it\/"},{"@type":"ListItem","position":2,"name":"BROKER","item":"https:\/\/www.asktraders.com\/it\/broker\/"},{"@type":"ListItem","position":3,"name":"CONFRONTA I BROKER CRIPTOVALUTE"}]},{"@type":"WebSite","@id":"https:\/\/www.asktraders.com\/it\/#website","url":"https:\/\/www.asktraders.com\/it\/","name":"AskTraders","description":"Guiding You To Trading Success","publisher":{"@id":"https:\/\/www.asktraders.com\/it\/#organization"},"inLanguage":"it-IT"},{"@type":"Organization","@id":"https:\/\/www.asktraders.com\/it\/#organization","name":"AskTraders","url":"https:\/\/www.asktraders.com\/it\/","logo":{"@type":"ImageObject","inLanguage":"it-IT","@id":"https:\/\/www.asktraders.com\/it\/#\/schema\/logo\/image\/","url":"https:\/\/www.asktraders.com\/wp-content\/uploads\/2019\/05\/asktraders-logo-tm-white.png","contentUrl":"https:\/\/www.asktraders.com\/wp-content\/uploads\/2019\/05\/asktraders-logo-tm-white.png","width":232,"height":38,"caption":"AskTraders"},"image":{"@id":"https:\/\/www.asktraders.com\/it\/#\/schema\/logo\/image\/"},"sameAs":["https:\/\/www.facebook.com\/asktraderscom","https:\/\/x.com\/Asktraders1"]}]}},"_links":{"self":[{"href":"https:\/\/www.asktraders.com\/it\/wp-json\/wp\/v2\/pages\/65704","targetHints":{"allow":["GET"]}}],"collection":[{"href":"https:\/\/www.asktraders.com\/it\/wp-json\/wp\/v2\/pages"}],"about":[{"href":"https:\/\/www.asktraders.com\/it\/wp-json\/wp\/v2\/types\/page"}],"author":[{"embeddable":true,"href":"https:\/\/www.asktraders.com\/it\/wp-json\/wp\/v2\/users\/268"}],"replies":[{"embeddable":true,"href":"https:\/\/www.asktraders.com\/it\/wp-json\/wp\/v2\/comments?post=65704"}],"version-history":[{"count":0,"href":"https:\/\/www.asktraders.com\/it\/wp-json\/wp\/v2\/pages\/65704\/revisions"}],"up":[{"embeddable":true,"href":"https:\/\/www.asktraders.com\/it\/wp-json\/wp\/v2\/pages\/72201"}],"wp:attachment":[{"href":"https:\/\/www.asktraders.com\/it\/wp-json\/wp\/v2\/media?parent=65704"}],"wp:term":[{"taxonomy":"tradingcategory","embeddable":true,"href":"https:\/\/www.asktraders.com\/it\/wp-json\/wp\/v2\/tradingcategory?post=65704"}],"curies":[{"name":"wp","href":"https:\/\/api.w.org\/{rel}","templated":true}]}}